{"id":2567,"date":"2020-08-07T15:40:22","date_gmt":"2020-08-07T15:40:22","guid":{"rendered":"https:\/\/frauenmissionswerk.de\/?page_id=2567"},"modified":"2021-02-22T12:14:44","modified_gmt":"2021-02-22T12:14:44","slug":"ecuador","status":"publish","type":"page","link":"https:\/\/frauenmissionswerk.de\/?page_id=2567","title":{"rendered":"Ecuador"},"content":{"rendered":"<p><div class=\"fusion-fullwidth fullwidth-box fusion-builder-row-1 fusion-flex-container hundred-percent-fullwidth non-hundred-percent-height-scrolling\" style=\"--awb-border-radius-top-left:0px;--awb-border-radius-top-right:0px;--awb-border-radius-bottom-right:0px;--awb-border-radius-bottom-left:0px;--awb-flex-wrap:wrap;\" ><div class=\"fusion-builder-row fusion-row fusion-flex-align-items-flex-start fusion-flex-content-wrap\" style=\"width:calc( 100% + 0px ) !important;max-width:calc( 100% + 0px ) !important;margin-left: calc(-0px \/ 2 );margin-right: calc(-0px \/ 2 );\"><div class=\"fusion-layout-column fusion_builder_column fusion-builder-column-0 fusion_builder_column_1_1 1_1 fusion-flex-column\" style=\"--awb-bg-size:cover;--awb-width-large:100%;--awb-margin-top-large:0px;--awb-spacing-right-large:0px;--awb-margin-bottom-large:20px;--awb-spacing-left-large:0px;--awb-width-medium:100%;--awb-spacing-right-medium:0px;--awb-spacing-left-medium:0px;--awb-width-small:100%;--awb-spacing-right-small:0px;--awb-spacing-left-small:0px;\"><div class=\"fusion-column-wrapper fusion-column-has-shadow fusion-flex-justify-content-flex-start fusion-content-layout-column\">\t\t\t\t\t<div class=\"fusion-slider-container fusion-slider-sc-ecuador fusion-slider-89 full-width-slider\" style=\"height:400px; max-width:100%;\" data-id=\"89\" data-full_height=\"\">\n\t\t\t\t\t\t<style type=\"text\/css\">.fusion-slider-89 .flex-direction-nav a {width:63px;height:63px;line-height:63px;font-size:25px;}<\/style>\t\t\t\t\t\t<div class=\"fusion-slider-loading\">Laden...<\/div>\n\t\t\t\t\t\t<div class=\"tfs-slider flexslider main-flex full-width-slider\" data-slider_width=\"100%\" data-slider_height=\"400px\" data-full_screen=\"0\" data-parallax=\"0\" data-nav_arrows=\"1\" data-nav_box_width=\"63px\" data-nav_box_height=\"63px\" data-nav_arrow_size=\"25px\" data-autoplay=\"1\" data-loop=\"0\" data-orderby=\"date\" data-order=\"DESC\" data-animation=\"fade\" data-slideshow_speed=\"7000\" data-animation_speed=\"600\" data-typo_sensitivity=\"1\" data-typo_factor=\"1.5\" style=\"max-width:100%;\">\n\t\t\t\t\t\t\t<ul class=\"slides\">\n\t\t\t\t\t\t\t\t\t\t\t\t\t\t\t\t\t<li data-mute=\"yes\" data-loop=\"yes\" data-autoplay=\"yes\">\n\t\t\t\t\t\t\t\t\t\t<div class=\"slide-content-container slide-content-center\" style=\"display: none;\">\n\t\t\t\t\t\t\t\t\t\t\t<div class=\"slide-content\" style=\"\">\n\t\t\t\t\t\t\t\t\t\t\t\t\t\t\t\t\t\t\t\t\t\t\t\t\t\t\t\t\t\t\t\t\t\t\t\t\t\t\t\t\t\t\t\t\t\t\t<\/div>\n\t\t\t\t\t\t\t\t\t\t<\/div>\n\t\t\t\t\t\t\t\t\t\t\t\t\t\t\t\t\t\t\t\t\t\t\t\t\t\t\t\t\t\t\t\t\t\t\t\t\t\t\t\t<div class=\"background background-image\" style=\"background-image: url(https:\/\/frauenmissionswerk.de\/wp-content\/uploads\/2020\/08\/ecuador-773941_1920-e1596813012760.jpg);max-width:100%;height:400px;filter: progid:DXImageTransform.Microsoft.AlphaImageLoader(src='https:\/\/frauenmissionswerk.de\/wp-content\/uploads\/2020\/08\/ecuador-773941_1920-e1596813012760.jpg', sizingMethod='scale');\" data-imgwidth=\"1920\">\n\t\t\t\t\t\t\t\t\t\t\t\t\t\t\t\t\t\t\t\t\t\t\t\t\t\t\t\t\t\t\t\t\t\t\t\t\t\t\t\t\t\t\t\t\t\t\t\t\t\t\t\t\t\t\t\t\t\t\t\t\t\t\t\t\t\t<\/div>\n\t\t\t\t\t\t\t\t\t<\/li>\n\t\t\t\t\t\t\t\t\t\t\t\t\t\t\t\t\t\t\t\t\t\t\t<\/ul>\n\t\t\t\t\t\t<\/div>\n\t\t\t\t\t<\/div>\n\t\t\t\t\t\t\t\t<\/div><\/div><\/div><\/div><div class=\"fusion-fullwidth fullwidth-box fusion-builder-row-2 fusion-flex-container nonhundred-percent-fullwidth non-hundred-percent-height-scrolling\" style=\"--awb-border-radius-top-left:0px;--awb-border-radius-top-right:0px;--awb-border-radius-bottom-right:0px;--awb-border-radius-bottom-left:0px;--awb-background-color:rgba(193,193,193,0.52);--awb-flex-wrap:wrap;\" ><div class=\"fusion-builder-row fusion-row fusion-flex-align-items-flex-start fusion-flex-content-wrap\" style=\"max-width:1216.8px;margin-left: calc(-4% \/ 2 );margin-right: calc(-4% \/ 2 );\"><div class=\"fusion-layout-column fusion_builder_column fusion-builder-column-1 fusion_builder_column_1_5 1_5 fusion-flex-column\" style=\"--awb-padding-top:50px;--awb-bg-size:cover;--awb-width-large:20%;--awb-margin-top-large:0px;--awb-spacing-right-large:9.6%;--awb-margin-bottom-large:20px;--awb-spacing-left-large:9.6%;--awb-width-medium:20%;--awb-spacing-right-medium:9.6%;--awb-spacing-left-medium:9.6%;--awb-width-small:100%;--awb-spacing-right-small:1.92%;--awb-spacing-left-small:1.92%;\"><div class=\"fusion-column-wrapper fusion-column-has-shadow fusion-flex-justify-content-flex-start fusion-content-layout-column\"><div class=\"fusion-image-element \" style=\"--awb-caption-title-font-family:var(--h2_typography-font-family);--awb-caption-title-font-weight:var(--h2_typography-font-weight);--awb-caption-title-font-style:var(--h2_typography-font-style);--awb-caption-title-size:var(--h2_typography-font-size);--awb-caption-title-transform:var(--h2_typography-text-transform);--awb-caption-title-line-height:var(--h2_typography-line-height);--awb-caption-title-letter-spacing:var(--h2_typography-letter-spacing);\"><span class=\" fusion-imageframe imageframe-none imageframe-1 hover-type-none\"><img decoding=\"async\" width=\"300\" height=\"200\" title=\"1280px-Flag_of_Ecuador.svg\" src=\"https:\/\/frauenmissionswerk.de\/wp-content\/uploads\/2020\/08\/1280px-Flag_of_Ecuador.svg-300x200.png\" alt class=\"img-responsive wp-image-2570\" srcset=\"https:\/\/frauenmissionswerk.de\/wp-content\/uploads\/2020\/08\/1280px-Flag_of_Ecuador.svg-200x133.png 200w, https:\/\/frauenmissionswerk.de\/wp-content\/uploads\/2020\/08\/1280px-Flag_of_Ecuador.svg-400x267.png 400w, https:\/\/frauenmissionswerk.de\/wp-content\/uploads\/2020\/08\/1280px-Flag_of_Ecuador.svg-600x400.png 600w, https:\/\/frauenmissionswerk.de\/wp-content\/uploads\/2020\/08\/1280px-Flag_of_Ecuador.svg-800x533.png 800w, https:\/\/frauenmissionswerk.de\/wp-content\/uploads\/2020\/08\/1280px-Flag_of_Ecuador.svg-1200x800.png 1200w, https:\/\/frauenmissionswerk.de\/wp-content\/uploads\/2020\/08\/1280px-Flag_of_Ecuador.svg.png 1280w\" sizes=\"(max-width: 640px) 100vw, 300px\" \/><\/span><\/div><div class=\"fusion-separator fusion-full-width-sep\" style=\"align-self: center;margin-left: auto;margin-right: auto;margin-top:10px;margin-bottom:10px;width:100%;\"><div class=\"fusion-separator-border sep-single\" style=\"--awb-height:20px;--awb-amount:20px;border-color:#e0dede;border-top-width:1px;\"><\/div><\/div><div class=\"fusion-image-element \" style=\"--awb-caption-title-font-family:var(--h2_typography-font-family);--awb-caption-title-font-weight:var(--h2_typography-font-weight);--awb-caption-title-font-style:var(--h2_typography-font-style);--awb-caption-title-size:var(--h2_typography-font-size);--awb-caption-title-transform:var(--h2_typography-text-transform);--awb-caption-title-line-height:var(--h2_typography-line-height);--awb-caption-title-letter-spacing:var(--h2_typography-letter-spacing);\"><span class=\" fusion-imageframe imageframe-none imageframe-2 hover-type-none\"><a class=\"fusion-no-lightbox\" href=\"https:\/\/frauenmissionswerk.de\/wp-content\/uploads\/2020\/08\/Karte_von_Ecuador.png\" target=\"_self\" aria-label=\"Karte_von_Ecuador\"><img decoding=\"async\" width=\"279\" height=\"300\" src=\"https:\/\/frauenmissionswerk.de\/wp-content\/uploads\/2020\/08\/Karte_von_Ecuador-279x300.png\" alt class=\"img-responsive wp-image-2569\" srcset=\"https:\/\/frauenmissionswerk.de\/wp-content\/uploads\/2020\/08\/Karte_von_Ecuador-200x215.png 200w, https:\/\/frauenmissionswerk.de\/wp-content\/uploads\/2020\/08\/Karte_von_Ecuador.png 330w\" sizes=\"(max-width: 640px) 100vw, 279px\" \/><\/a><\/span><\/div><div class=\"fusion-separator fusion-full-width-sep\" style=\"align-self: center;margin-left: auto;margin-right: auto;margin-top:10px;margin-bottom:10px;width:100%;\"><div class=\"fusion-separator-border sep-single\" style=\"--awb-height:20px;--awb-amount:20px;border-color:#e0dede;border-top-width:1px;\"><\/div><\/div><div ><a class=\"fusion-button button-flat fusion-button-default-size button-default fusion-button-default button-1 fusion-button-default-span fusion-button-default-type\" target=\"_self\" href=\"https:\/\/www.auswaertiges-amt.de\/de\/aussenpolitik\/laender\/ecuador-node\"><span class=\"fusion-button-text\">Daten &amp; Fakten zu Ecuador<\/span><\/a><\/div><div class=\"fusion-separator fusion-full-width-sep\" style=\"align-self: center;margin-left: auto;margin-right: auto;width:100%;\"><div class=\"fusion-separator-border sep-single\" style=\"--awb-height:20px;--awb-amount:20px;border-color:#e0dede;border-top-width:1px;\"><\/div><\/div><\/div><\/div><div class=\"fusion-layout-column fusion_builder_column fusion-builder-column-2 fusion_builder_column_4_5 4_5 fusion-flex-column\" style=\"--awb-padding-top:50px;--awb-bg-size:cover;--awb-width-large:80%;--awb-margin-top-large:0px;--awb-spacing-right-large:2.4%;--awb-margin-bottom-large:20px;--awb-spacing-left-large:2.4%;--awb-width-medium:80%;--awb-spacing-right-medium:2.4%;--awb-spacing-left-medium:2.4%;--awb-width-small:100%;--awb-spacing-right-small:1.92%;--awb-spacing-left-small:1.92%;\"><div class=\"fusion-column-wrapper fusion-column-has-shadow fusion-flex-justify-content-flex-start fusion-content-layout-column\"><div class=\"fusion-title title fusion-title-1 fusion-sep-none fusion-title-text fusion-title-size-one\"><h1 class=\"fusion-title-heading title-heading-left fusion-responsive-typography-calculated\" style=\"margin:0;--fontSize:48;line-height:1.1;\"><h2>ECUADOR<\/h2><\/h1><\/div><div class=\"fusion-separator\" style=\"align-self: flex-start;margin-right:auto;margin-top:-20px;margin-bottom:40px;width:100%;max-width:200px;\"><div class=\"fusion-separator-border sep-single sep-solid\" style=\"--awb-height:20px;--awb-amount:20px;--awb-sep-color:#c51997;border-color:#c51997;border-top-width:3px;\"><\/div><\/div><div class=\"fusion-text fusion-text-1\"><p><strong>Die Republik Ecuador im Nordwesten S\u00fcdamerikas geh\u00f6rt zu den kleineren L\u00e4ndern des Kontinents; es grenzt an Kolumbien, Peru und den pazifischen Ozean. <\/strong><\/p>\n<p>Als eines der landschaftlich vielseitigsten L\u00e4nder der Erde mit unterschiedlichen Klima- und Vegetationszonen verf\u00fcgt Ecuador, das seinen Namen durch seine Lage am \u00c4quator hat, sowohl \u00fcber K\u00fcste als auch \u00fcber Gebirge und Regenwald. Zwischen Tradition und Moderne k\u00e4mpfen die Menschen in Ecuador mit Armut \u2013 von den 16 Millionen Einwohnern leben knapp 40 Prozent unterhalb der Armutsgrenze \u2013 sowie einem unzureichenden Sozial- und Bildungswesen.<\/p>\n<\/div><\/div><\/div><\/div><\/div><div class=\"fusion-fullwidth fullwidth-box fusion-builder-row-3 fusion-flex-container nonhundred-percent-fullwidth non-hundred-percent-height-scrolling\" style=\"--awb-border-radius-top-left:0px;--awb-border-radius-top-right:0px;--awb-border-radius-bottom-right:0px;--awb-border-radius-bottom-left:0px;--awb-padding-top:20px;--awb-flex-wrap:wrap;\" ><div class=\"fusion-builder-row fusion-row fusion-flex-align-items-stretch fusion-flex-content-wrap\" style=\"max-width:1216.8px;margin-left: calc(-4% \/ 2 );margin-right: calc(-4% \/ 2 );\"><div class=\"fusion-layout-column fusion_builder_column fusion-builder-column-3 fusion_builder_column_1_3 1_3 fusion-flex-column\" style=\"--awb-bg-size:cover;--awb-width-large:33.333333333333%;--awb-margin-top-large:0px;--awb-spacing-right-large:5.76%;--awb-margin-bottom-large:20px;--awb-spacing-left-large:5.76%;--awb-width-medium:33.333333333333%;--awb-spacing-right-medium:5.76%;--awb-spacing-left-medium:5.76%;--awb-width-small:100%;--awb-spacing-right-small:1.92%;--awb-spacing-left-small:1.92%;\"><div class=\"fusion-column-wrapper fusion-column-has-shadow fusion-flex-justify-content-flex-start fusion-content-layout-column\"><\/div><\/div><div class=\"fusion-layout-column fusion_builder_column fusion-builder-column-4 fusion_builder_column_1_3 1_3 fusion-flex-column\" style=\"--awb-bg-size:cover;--awb-width-large:33.333333333333%;--awb-margin-top-large:0px;--awb-spacing-right-large:5.76%;--awb-margin-bottom-large:20px;--awb-spacing-left-large:5.76%;--awb-width-medium:33.333333333333%;--awb-spacing-right-medium:5.76%;--awb-spacing-left-medium:5.76%;--awb-width-small:100%;--awb-spacing-right-small:1.92%;--awb-spacing-left-small:1.92%;\"><div class=\"fusion-column-wrapper fusion-column-has-shadow fusion-flex-justify-content-center fusion-content-layout-column\"><div class=\"fusion-image-element \" style=\"text-align:center;--awb-max-width:https:\/\/frauenmissionswerk.de\/wp-content\/uploads\/2020\/07\/CasaGuadalupe_2.jpg;--awb-caption-title-font-family:var(--h2_typography-font-family);--awb-caption-title-font-weight:var(--h2_typography-font-weight);--awb-caption-title-font-style:var(--h2_typography-font-style);--awb-caption-title-size:var(--h2_typography-font-size);--awb-caption-title-transform:var(--h2_typography-text-transform);--awb-caption-title-line-height:var(--h2_typography-line-height);--awb-caption-title-letter-spacing:var(--h2_typography-letter-spacing);\"><span class=\" fusion-imageframe imageframe-none imageframe-3 hover-type-zoomin\"><a class=\"fusion-no-lightbox\" href=\"https:\/\/frauenmissionswerk.de\/portfolio-items\/ecuador-der-diskriminierung-von-frauen-etwas-entgegensetzen\/\" target=\"_self\" aria-label=\"ecuador_David-Mark_Pixabay\"><img decoding=\"async\" width=\"300\" height=\"214\" src=\"https:\/\/frauenmissionswerk.de\/wp-content\/uploads\/2020\/08\/ecuador_David-Mark_Pixabay-1-300x214.jpg\" alt class=\"img-responsive wp-image-2581\" srcset=\"https:\/\/frauenmissionswerk.de\/wp-content\/uploads\/2020\/08\/ecuador_David-Mark_Pixabay-1-200x143.jpg 200w, https:\/\/frauenmissionswerk.de\/wp-content\/uploads\/2020\/08\/ecuador_David-Mark_Pixabay-1-400x286.jpg 400w, https:\/\/frauenmissionswerk.de\/wp-content\/uploads\/2020\/08\/ecuador_David-Mark_Pixabay-1-600x428.jpg 600w, https:\/\/frauenmissionswerk.de\/wp-content\/uploads\/2020\/08\/ecuador_David-Mark_Pixabay-1-800x571.jpg 800w, https:\/\/frauenmissionswerk.de\/wp-content\/uploads\/2020\/08\/ecuador_David-Mark_Pixabay-1-1200x857.jpg 1200w, https:\/\/frauenmissionswerk.de\/wp-content\/uploads\/2020\/08\/ecuador_David-Mark_Pixabay-1.jpg 1920w\" sizes=\"(max-width: 640px) 100vw, 300px\" \/><\/a><\/span><\/div><div class=\"fusion-text fusion-text-2\"><h4 style=\"text-align: center;\"><a href=\"https:\/\/frauenmissionswerk.de\/?avada_portfolio=ecuador-der-diskriminierung-von-frauen-etwas-entgegensetzen\">Der Diskriminierung etwas entgegensetzen: Mehr Selbstbewusstsein f\u00fcr Frauen<\/a><\/h4>\n<\/div><\/div><\/div><div class=\"fusion-layout-column fusion_builder_column fusion-builder-column-5 fusion_builder_column_1_3 1_3 fusion-flex-column\" style=\"--awb-bg-size:cover;--awb-width-large:33.333333333333%;--awb-margin-top-large:0px;--awb-spacing-right-large:5.76%;--awb-margin-bottom-large:20px;--awb-spacing-left-large:5.76%;--awb-width-medium:33.333333333333%;--awb-spacing-right-medium:5.76%;--awb-spacing-left-medium:5.76%;--awb-width-small:100%;--awb-spacing-right-small:1.92%;--awb-spacing-left-small:1.92%;\"><div class=\"fusion-column-wrapper fusion-column-has-shadow fusion-flex-justify-content-flex-start fusion-content-layout-column\"><\/div><\/div><\/div><\/div>\n<\/p>\n","protected":false},"excerpt":{"rendered":"","protected":false},"author":3,"featured_media":0,"parent":759,"menu_order":0,"comment_status":"closed","ping_status":"closed","template":"100-width.php","meta":{"_acf_changed":false,"_bbp_topic_count":0,"_bbp_reply_count":0,"_bbp_total_topic_count":0,"_bbp_total_reply_count":0,"_bbp_voice_count":0,"_bbp_anonymous_reply_count":0,"_bbp_topic_count_hidden":0,"_bbp_reply_count_hidden":0,"_bbp_forum_subforum_count":0,"footnotes":""},"class_list":["post-2567","page","type-page","status-publish","hentry"],"acf":[],"yoast_head":"<!-- This site is optimized with the Yoast SEO plugin v26.8 - https:\/\/yoast.com\/product\/yoast-seo-wordpress\/ -->\n<title>Ecuador - Frauenmissionswerk<\/title>\n<meta name=\"robots\" content=\"index, follow, max-snippet:-1, max-image-preview:large, max-video-preview:-1\" \/>\n<link rel=\"canonical\" href=\"https:\/\/frauenmissionswerk.de\/?page_id=2567\" \/>\n<meta property=\"og:locale\" content=\"de_DE\" \/>\n<meta property=\"og:type\" content=\"article\" \/>\n<meta property=\"og:title\" content=\"Ecuador - Frauenmissionswerk\" \/>\n<meta property=\"og:url\" content=\"https:\/\/frauenmissionswerk.de\/?page_id=2567\" \/>\n<meta property=\"og:site_name\" content=\"Frauenmissionswerk\" \/>\n<meta property=\"article:modified_time\" content=\"2021-02-22T12:14:44+00:00\" \/>\n<meta name=\"twitter:card\" content=\"summary_large_image\" \/>\n<meta name=\"twitter:label1\" content=\"Gesch\u00e4tzte Lesezeit\" \/>\n\t<meta name=\"twitter:data1\" content=\"6\u00a0Minuten\" \/>\n<script type=\"application\/ld+json\" class=\"yoast-schema-graph\">{\"@context\":\"https:\/\/schema.org\",\"@graph\":[{\"@type\":\"WebPage\",\"@id\":\"https:\/\/frauenmissionswerk.de\/?page_id=2567\",\"url\":\"https:\/\/frauenmissionswerk.de\/?page_id=2567\",\"name\":\"Ecuador - Frauenmissionswerk\",\"isPartOf\":{\"@id\":\"https:\/\/frauenmissionswerk.de\/#website\"},\"datePublished\":\"2020-08-07T15:40:22+00:00\",\"dateModified\":\"2021-02-22T12:14:44+00:00\",\"breadcrumb\":{\"@id\":\"https:\/\/frauenmissionswerk.de\/?page_id=2567#breadcrumb\"},\"inLanguage\":\"de\",\"potentialAction\":[{\"@type\":\"ReadAction\",\"target\":[\"https:\/\/frauenmissionswerk.de\/?page_id=2567\"]}]},{\"@type\":\"BreadcrumbList\",\"@id\":\"https:\/\/frauenmissionswerk.de\/?page_id=2567#breadcrumb\",\"itemListElement\":[{\"@type\":\"ListItem\",\"position\":1,\"name\":\"Startseite\",\"item\":\"https:\/\/frauenmissionswerk.de\/\"},{\"@type\":\"ListItem\",\"position\":2,\"name\":\"Projekte\",\"item\":\"https:\/\/frauenmissionswerk.de\/?page_id=759\"},{\"@type\":\"ListItem\",\"position\":3,\"name\":\"Ecuador\"}]},{\"@type\":\"WebSite\",\"@id\":\"https:\/\/frauenmissionswerk.de\/#website\",\"url\":\"https:\/\/frauenmissionswerk.de\/\",\"name\":\"Frauenmissionswerk\",\"description\":\"Frauen f\u00fcr Frauen weltweit\",\"potentialAction\":[{\"@type\":\"SearchAction\",\"target\":{\"@type\":\"EntryPoint\",\"urlTemplate\":\"https:\/\/frauenmissionswerk.de\/?s={search_term_string}\"},\"query-input\":{\"@type\":\"PropertyValueSpecification\",\"valueRequired\":true,\"valueName\":\"search_term_string\"}}],\"inLanguage\":\"de\"}]}<\/script>\n<!-- \/ Yoast SEO plugin. -->","yoast_head_json":{"title":"Ecuador - Frauenmissionswerk","robots":{"index":"index","follow":"follow","max-snippet":"max-snippet:-1","max-image-preview":"max-image-preview:large","max-video-preview":"max-video-preview:-1"},"canonical":"https:\/\/frauenmissionswerk.de\/?page_id=2567","og_locale":"de_DE","og_type":"article","og_title":"Ecuador - Frauenmissionswerk","og_url":"https:\/\/frauenmissionswerk.de\/?page_id=2567","og_site_name":"Frauenmissionswerk","article_modified_time":"2021-02-22T12:14:44+00:00","twitter_card":"summary_large_image","twitter_misc":{"Gesch\u00e4tzte Lesezeit":"6\u00a0Minuten"},"schema":{"@context":"https:\/\/schema.org","@graph":[{"@type":"WebPage","@id":"https:\/\/frauenmissionswerk.de\/?page_id=2567","url":"https:\/\/frauenmissionswerk.de\/?page_id=2567","name":"Ecuador - Frauenmissionswerk","isPartOf":{"@id":"https:\/\/frauenmissionswerk.de\/#website"},"datePublished":"2020-08-07T15:40:22+00:00","dateModified":"2021-02-22T12:14:44+00:00","breadcrumb":{"@id":"https:\/\/frauenmissionswerk.de\/?page_id=2567#breadcrumb"},"inLanguage":"de","potentialAction":[{"@type":"ReadAction","target":["https:\/\/frauenmissionswerk.de\/?page_id=2567"]}]},{"@type":"BreadcrumbList","@id":"https:\/\/frauenmissionswerk.de\/?page_id=2567#breadcrumb","itemListElement":[{"@type":"ListItem","position":1,"name":"Startseite","item":"https:\/\/frauenmissionswerk.de\/"},{"@type":"ListItem","position":2,"name":"Projekte","item":"https:\/\/frauenmissionswerk.de\/?page_id=759"},{"@type":"ListItem","position":3,"name":"Ecuador"}]},{"@type":"WebSite","@id":"https:\/\/frauenmissionswerk.de\/#website","url":"https:\/\/frauenmissionswerk.de\/","name":"Frauenmissionswerk","description":"Frauen f\u00fcr Frauen weltweit","potentialAction":[{"@type":"SearchAction","target":{"@type":"EntryPoint","urlTemplate":"https:\/\/frauenmissionswerk.de\/?s={search_term_string}"},"query-input":{"@type":"PropertyValueSpecification","valueRequired":true,"valueName":"search_term_string"}}],"inLanguage":"de"}]}},"_links":{"self":[{"href":"https:\/\/frauenmissionswerk.de\/index.php?rest_route=\/wp\/v2\/pages\/2567","targetHints":{"allow":["GET"]}}],"collection":[{"href":"https:\/\/frauenmissionswerk.de\/index.php?rest_route=\/wp\/v2\/pages"}],"about":[{"href":"https:\/\/frauenmissionswerk.de\/index.php?rest_route=\/wp\/v2\/types\/page"}],"author":[{"embeddable":true,"href":"https:\/\/frauenmissionswerk.de\/index.php?rest_route=\/wp\/v2\/users\/3"}],"replies":[{"embeddable":true,"href":"https:\/\/frauenmissionswerk.de\/index.php?rest_route=%2Fwp%2Fv2%2Fcomments&post=2567"}],"version-history":[{"count":9,"href":"https:\/\/frauenmissionswerk.de\/index.php?rest_route=\/wp\/v2\/pages\/2567\/revisions"}],"predecessor-version":[{"id":2954,"href":"https:\/\/frauenmissionswerk.de\/index.php?rest_route=\/wp\/v2\/pages\/2567\/revisions\/2954"}],"up":[{"embeddable":true,"href":"https:\/\/frauenmissionswerk.de\/index.php?rest_route=\/wp\/v2\/pages\/759"}],"wp:attachment":[{"href":"https:\/\/frauenmissionswerk.de\/index.php?rest_route=%2Fwp%2Fv2%2Fmedia&parent=2567"}],"curies":[{"name":"wp","href":"https:\/\/api.w.org\/{rel}","templated":true}]}}