{"id":761,"date":"2016-08-10T08:52:10","date_gmt":"2016-08-10T08:52:10","guid":{"rendered":"https:\/\/frauenmissionswerk.de\/?page_id=12"},"modified":"2024-08-05T10:46:21","modified_gmt":"2024-08-05T10:46:21","slug":"spenden","status":"publish","type":"page","link":"https:\/\/frauenmissionswerk.de\/?page_id=761","title":{"rendered":"Spenden"},"content":{"rendered":"<div class=\"fusion-fullwidth fullwidth-box fusion-builder-row-1 fusion-flex-container hundred-percent-fullwidth non-hundred-percent-height-scrolling\" style=\"--awb-background-position:left top;--awb-border-sizes-top:0px;--awb-border-sizes-bottom:0px;--awb-border-sizes-left:0px;--awb-border-sizes-right:0px;--awb-border-radius-top-left:0px;--awb-border-radius-top-right:0px;--awb-border-radius-bottom-right:0px;--awb-border-radius-bottom-left:0px;--awb-padding-top:0px;--awb-padding-right:0px;--awb-padding-bottom:0px;--awb-padding-left:0px;--awb-flex-wrap:wrap;\" ><div class=\"fusion-builder-row fusion-row fusion-flex-align-items-stretch fusion-flex-content-wrap\" style=\"width:calc( 100% + 0px ) !important;max-width:calc( 100% + 0px ) !important;margin-left: calc(-0px \/ 2 );margin-right: calc(-0px \/ 2 );\"><div class=\"fusion-layout-column fusion_builder_column fusion-builder-column-0 fusion_builder_column_1_1 1_1 fusion-flex-column fusion-flex-align-self-flex-start fusion-column-no-min-height\" style=\"--awb-bg-color:#c51997;--awb-bg-color-hover:#c51997;--awb-bg-size:cover;--awb-width-large:100%;--awb-margin-top-large:0px;--awb-spacing-right-large:0px;--awb-margin-bottom-large:20px;--awb-spacing-left-large:0px;--awb-width-medium:100%;--awb-spacing-right-medium:0px;--awb-spacing-left-medium:0px;--awb-width-small:100%;--awb-spacing-right-small:0px;--awb-spacing-left-small:0px;\"><div class=\"fusion-column-wrapper fusion-column-has-shadow fusion-flex-justify-content-center fusion-content-layout-column\"><div class=\"fusion-text fusion-text-1\"><h2><\/h2>\n<h2 style=\"text-align: center;\"><span style=\"color: #ffffff;\">SPENDEN \u2013 MITARBEITEN \u2013 UNTERST\u00dcTZEN<\/span><\/h2>\n<\/div><\/div><\/div><div class=\"fusion-layout-column fusion_builder_column fusion-builder-column-1 fusion_builder_column_3_5 3_5 fusion-flex-column\" style=\"--awb-padding-top:20px;--awb-padding-right:10%;--awb-padding-left:10%;--awb-bg-color:rgba(165,165,165,0.43);--awb-bg-color-hover:rgba(165,165,165,0.43);--awb-bg-size:cover;--awb-width-large:60%;--awb-margin-top-large:0px;--awb-spacing-right-large:0px;--awb-margin-bottom-large:-50px;--awb-spacing-left-large:0px;--awb-width-medium:60%;--awb-spacing-right-medium:0px;--awb-spacing-left-medium:0px;--awb-width-small:100%;--awb-spacing-right-small:0px;--awb-spacing-left-small:0px;\"><div class=\"fusion-column-wrapper fusion-column-has-shadow fusion-flex-justify-content-center fusion-content-layout-column\"><div class=\"fusion-text fusion-text-2\"><p><strong>Wir freuen uns \u00fcber allgemeine sowie zweckgebundene Spenden f\u00fcr konkrete Projekte oder Anl\u00e4sse, die wir entsprechend einsetzen. Davon k\u00f6nnen Sie sich jederzeit gerne \u00fcberzeugen in unseren Projektberichten, bei unseren Partnern, in unserem Jahresbericht, bei unseren Veranstaltungen und im pers\u00f6nlichen Gespr\u00e4ch.<\/strong><\/p>\n<\/div><div class=\"fusion-separator\" style=\"align-self: flex-start;margin-right:auto;margin-top:0px;margin-bottom:40px;width:100%;max-width:200px;\"><div class=\"fusion-separator-border sep-single sep-solid\" style=\"--awb-height:20px;--awb-amount:20px;--awb-sep-color:#e51997;border-color:#e51997;border-top-width:3px;\"><\/div><\/div><div class=\"fusion-text fusion-text-3\"><h4><span style=\"color: #c51997;\">JEDE SPENDE Z\u00c4HLT!<\/span><\/h4>\n<ul>\n<li>Schon mit einer Spende von <strong>3 Euro<\/strong> kann der Krankenkassenbeitrag f\u00fcr eine Witwe finanziert werden.<\/li>\n<li>Mit einer Spende von <strong>5 Euro<\/strong> erm\u00f6glichen Sie die Anschaffung eines <strong>Huhns<\/strong> f\u00fcr unsere Projektpartnerinnen.<\/li>\n<li>F\u00fcr eine Spende von <strong>20-30 Euro<\/strong> kann etwa ein <strong>Ferkel oder Schwein<\/strong> gekauft werden.<\/li>\n<li>Eine <strong>Ziege<\/strong> kostet <strong>45 Euro.<\/strong><\/li>\n<\/ul>\n<\/div><div class=\"fusion-image-carousel fusion-image-carousel-auto fusion-image-carousel-1 fusion-carousel-border\"><div class=\"awb-carousel awb-swiper awb-swiper-carousel\" data-autoplay=\"no\" data-columns=\"3\" data-itemmargin=\"13\" data-itemwidth=\"180\" data-touchscroll=\"no\" data-imagesize=\"auto\" style=\"--awb-columns:3;\"><div class=\"swiper-wrapper awb-image-carousel-wrapper fusion-flex-align-items-center\"><div class=\"swiper-slide\"><div class=\"fusion-carousel-item-wrapper\"><div class=\"fusion-image-wrapper hover-type-none\"><img decoding=\"async\" width=\"400\" height=\"400\" src=\"https:\/\/frauenmissionswerk.de\/wp-content\/uploads\/2020\/07\/SpendenHuhn.jpg\" class=\"attachment-full size-full\" alt=\"\" srcset=\"https:\/\/frauenmissionswerk.de\/wp-content\/uploads\/2020\/07\/SpendenHuhn-200x200.jpg 200w, https:\/\/frauenmissionswerk.de\/wp-content\/uploads\/2020\/07\/SpendenHuhn.jpg 400w\" sizes=\"(min-width: 2200px) 100vw, (min-width: 960px) 381px, (min-width: 800px) 572px, (min-width: 640px) 800px, \" \/><\/div><\/div><\/div><div class=\"swiper-slide\"><div class=\"fusion-carousel-item-wrapper\"><div class=\"fusion-image-wrapper hover-type-none\"><img decoding=\"async\" width=\"400\" height=\"400\" src=\"https:\/\/frauenmissionswerk.de\/wp-content\/uploads\/2020\/07\/SpendenSchwein.jpg\" class=\"attachment-full size-full\" alt=\"\" srcset=\"https:\/\/frauenmissionswerk.de\/wp-content\/uploads\/2020\/07\/SpendenSchwein-200x200.jpg 200w, https:\/\/frauenmissionswerk.de\/wp-content\/uploads\/2020\/07\/SpendenSchwein.jpg 400w\" sizes=\"(min-width: 2200px) 100vw, (min-width: 960px) 381px, (min-width: 800px) 572px, (min-width: 640px) 800px, \" \/><\/div><\/div><\/div><div class=\"swiper-slide\"><div class=\"fusion-carousel-item-wrapper\"><div class=\"fusion-image-wrapper hover-type-none\"><img decoding=\"async\" width=\"400\" height=\"400\" src=\"https:\/\/frauenmissionswerk.de\/wp-content\/uploads\/2020\/07\/SpendenSchaf.jpg\" class=\"attachment-full size-full\" alt=\"\" srcset=\"https:\/\/frauenmissionswerk.de\/wp-content\/uploads\/2020\/07\/SpendenSchaf-200x200.jpg 200w, https:\/\/frauenmissionswerk.de\/wp-content\/uploads\/2020\/07\/SpendenSchaf.jpg 400w\" sizes=\"(min-width: 2200px) 100vw, (min-width: 960px) 381px, (min-width: 800px) 572px, (min-width: 640px) 800px, \" \/><\/div><\/div><\/div><\/div><div class=\"awb-swiper-button awb-swiper-button-prev\"><i class=\"awb-icon-angle-left\" aria-hidden=\"true\"><\/i><\/div><div class=\"awb-swiper-button awb-swiper-button-next\"><i class=\"awb-icon-angle-right\" aria-hidden=\"true\"><\/i><\/div><\/div><\/div><div class=\"fusion-text fusion-text-4\"><p style=\"text-align: right;\"><em>Herzlichen Dank an die K\u00fcnstlerin Renate Gr\u00fcnewald aus L\u00fcdinghausen,<br \/>\ndie diese &#8222;Spendentiere&#8220; f\u00fcr uns gezeichnet hat!<\/em><\/p>\n<\/div><div class=\"fusion-text fusion-text-5\"><ul>\n<li>F\u00fcr <strong>3.500 Euro<\/strong> k\u00f6nnen wir einer Witwe und ihren Kindern ein neues Zuhause geben.<\/li>\n<\/ul>\n<\/div><div class=\"fusion-separator\" style=\"align-self: flex-start;margin-right:auto;margin-top:0px;width:100%;max-width:200px;\"><div class=\"fusion-separator-border sep-single sep-solid\" style=\"--awb-height:20px;--awb-amount:20px;--awb-sep-color:#e51997;border-color:#e51997;border-top-width:3px;\"><\/div><\/div><div class=\"fusion-text fusion-text-6\"><p>Gerne kommen wir auch zu Ihnen und erz\u00e4hlen von den Frauen und M\u00e4dchen aus aller Welt, warum wir uns f\u00fcr die Eine Welt engagieren und was uns antreibt.<\/p>\n<p><strong>Wir freuen uns auf Ihre Kontaktaufnahme!<\/strong><\/p>\n<\/div><\/div><\/div><div class=\"fusion-layout-column fusion_builder_column fusion-builder-column-2 fusion_builder_column_2_5 2_5 fusion-flex-column\" style=\"--awb-padding-top:50px;--awb-padding-right:100px;--awb-padding-left:50px;--awb-bg-color:rgba(165,165,165,0.43);--awb-bg-color-hover:rgba(165,165,165,0.43);--awb-bg-position:center center;--awb-bg-size:cover;--awb-border-color:#c51997;--awb-border-left:2px;--awb-border-style:dashed;--awb-width-large:40%;--awb-margin-top-large:0px;--awb-spacing-right-large:0px;--awb-margin-bottom-large:-50px;--awb-spacing-left-large:0px;--awb-width-medium:40%;--awb-spacing-right-medium:0px;--awb-spacing-left-medium:0px;--awb-width-small:100%;--awb-spacing-right-small:0px;--awb-spacing-left-small:0px;\"><div class=\"fusion-column-wrapper fusion-column-has-shadow fusion-flex-justify-content-center fusion-content-layout-column\"><div class=\"fusion-text fusion-text-7\"><h4 style=\"--fontSize: 20; line-height: 1.5; --minFontSize: 20;\" data-fontsize=\"20\" data-lineheight=\"30px\" class=\"fusion-responsive-typography-calculated\"><b>Wir freuen uns auf Ihre Nachricht!<\/b><\/h4>\n<\/div>\n<div class=\"wpcf7 no-js\" id=\"wpcf7-f15-o1\" lang=\"de-DE\" dir=\"ltr\" data-wpcf7-id=\"15\">\n<div class=\"screen-reader-response\"><p role=\"status\" aria-live=\"polite\" aria-atomic=\"true\"><\/p> <ul><\/ul><\/div>\n<form action=\"\/index.php?rest_route=%2Fwp%2Fv2%2Fpages%2F761#wpcf7-f15-o1\" method=\"post\" class=\"wpcf7-form init\" aria-label=\"Kontaktformular\" novalidate=\"novalidate\" data-status=\"init\">\n<fieldset class=\"hidden-fields-container\"><input type=\"hidden\" name=\"_wpcf7\" value=\"15\" \/><input type=\"hidden\" name=\"_wpcf7_version\" value=\"6.1.5\" \/><input type=\"hidden\" name=\"_wpcf7_locale\" value=\"de_DE\" \/><input type=\"hidden\" name=\"_wpcf7_unit_tag\" value=\"wpcf7-f15-o1\" \/><input type=\"hidden\" name=\"_wpcf7_container_post\" value=\"0\" \/><input type=\"hidden\" name=\"_wpcf7_posted_data_hash\" value=\"\" \/>\n<\/fieldset>\n<p><label> Name (Pflichtfeld)<br \/>\n<span class=\"wpcf7-form-control-wrap\" data-name=\"your-name\"><input size=\"40\" maxlength=\"400\" class=\"wpcf7-form-control wpcf7-text wpcf7-validates-as-required\" aria-required=\"true\" aria-invalid=\"false\" value=\"\" type=\"text\" name=\"your-name\" \/><\/span> <\/label>\n<\/p>\n<p><label> E-Mail-Adresse (Pflichtfeld)<br \/>\n<span class=\"wpcf7-form-control-wrap\" data-name=\"your-email\"><input size=\"40\" maxlength=\"400\" class=\"wpcf7-form-control wpcf7-email wpcf7-validates-as-required wpcf7-text wpcf7-validates-as-email\" aria-required=\"true\" aria-invalid=\"false\" value=\"\" type=\"email\" name=\"your-email\" \/><\/span> <\/label>\n<\/p>\n<p><label> Betreff<br \/>\n<span class=\"wpcf7-form-control-wrap\" data-name=\"your-subject\"><input size=\"40\" maxlength=\"400\" class=\"wpcf7-form-control wpcf7-text\" aria-invalid=\"false\" value=\"\" type=\"text\" name=\"your-subject\" \/><\/span> <\/label>\n<\/p>\n<p><label> Nachricht<br \/>\n<span class=\"wpcf7-form-control-wrap\" data-name=\"your-message\"><textarea cols=\"40\" rows=\"10\" maxlength=\"2000\" class=\"wpcf7-form-control wpcf7-textarea\" aria-invalid=\"false\" name=\"your-message\"><\/textarea><\/span> <\/label>\n<\/p>\n<p><input class=\"wpcf7-form-control wpcf7-submit has-spinner\" type=\"submit\" value=\"Senden\" \/>\n<\/p><p style=\"display: none !important;\" class=\"akismet-fields-container\" data-prefix=\"_wpcf7_ak_\"><label>&#916;<textarea name=\"_wpcf7_ak_hp_textarea\" cols=\"45\" rows=\"8\" maxlength=\"100\"><\/textarea><\/label><input type=\"hidden\" id=\"ak_js_1\" name=\"_wpcf7_ak_js\" value=\"120\"\/><script>document.getElementById( \"ak_js_1\" ).setAttribute( \"value\", ( new Date() ).getTime() );<\/script><\/p><input type='hidden' class='wpcf7-pum' value='{\"closepopup\":false,\"closedelay\":0,\"openpopup\":false,\"openpopup_id\":0}' \/><div class=\"fusion-alert alert custom alert-custom fusion-alert-center wpcf7-response-output fusion-alert-capitalize awb-alert-native-link-color alert-dismissable awb-alert-close-boxed\" style=\"--awb-border-top-left-radius:0px;--awb-border-top-right-radius:0px;--awb-border-bottom-left-radius:0px;--awb-border-bottom-right-radius:0px;\" role=\"alert\"><div class=\"fusion-alert-content-wrapper\"><span class=\"fusion-alert-content\"><\/span><\/div><button type=\"button\" class=\"close toggle-alert\" data-dismiss=\"alert\" aria-label=\"Close\">&times;<\/button><\/div>\n<\/form>\n<\/div>\n<\/div><\/div><div class=\"fusion-layout-column fusion_builder_column fusion-builder-column-3 fusion_builder_column_1_1 1_1 fusion-flex-column fusion-flex-align-self-flex-start fusion-column-no-min-height\" style=\"--awb-padding-right:50px;--awb-padding-bottom:50px;--awb-padding-left:50px;--awb-bg-position:center center;--awb-bg-size:cover;--awb-width-large:100%;--awb-margin-top-large:50px;--awb-spacing-right-large:0px;--awb-margin-bottom-large:10px;--awb-spacing-left-large:0px;--awb-width-medium:100%;--awb-spacing-right-medium:0px;--awb-spacing-left-medium:0px;--awb-width-small:100%;--awb-spacing-right-small:0px;--awb-spacing-left-small:0px;\"><div class=\"fusion-column-wrapper fusion-column-has-shadow fusion-flex-justify-content-center fusion-content-layout-column\"><div class=\"fusion-content-boxes content-boxes columns row fusion-columns-3 fusion-columns-total-3 fusion-content-boxes-1 content-boxes-icon-with-title content-left\" style=\"--awb-body-color:#5c6668;--awb-title-color:#5e0d66;--awb-iconcolor:#c51997;--awb-margin-top:0px;--awb-margin-bottom:0px;--awb-hover-accent-color:#ffffff;--awb-circle-hover-accent-color:transparent;\" data-animationOffset=\"top-into-view\"><div style=\"--awb-backgroundcolor:rgba(52,174,226,0.58);--awb-iconcolor:#c51997;\" class=\"fusion-column content-box-column content-box-column content-box-column-1 col-lg-4 col-md-4 col-sm-4 fusion-content-box-hover content-box-column-first-in-row\"><div class=\"col content-box-wrapper content-wrapper-background link-area-link-icon icon-hover-animation-fade\" data-animationOffset=\"top-into-view\"><div class=\"heading heading-with-icon icon-left\"><div class=\"icon\"><i style=\"background-color:transparent;border-color:transparent;height:auto;width: 41px;line-height:normal;font-size:41px;\" aria-hidden=\"true\" class=\"fontawesome-icon fa-coins fas circle-no\"><\/i><\/div><h2 class=\"content-box-heading fusion-responsive-typography-calculated\" style=\"--h2_typography-font-size:23px;--fontSize:23;line-height:1.5;\">Jetzt spenden<\/h2><\/div><div class=\"fusion-clearfix\"><\/div><div class=\"content-container\">\n<p><span style=\"color: #5c6668;\">K\u00fcnftig finden Sie hier die M\u00f6glichkeit zur Online-Spende via Paypal.<\/span><\/p>\n<p><span style=\"color: #5c6668;\">Zwischenzeitlich bitten wir um \u00dcberweisung auf unser Spendenkonto bei der Sparkasse Koblenz:<\/span><br \/>\n<strong><span style=\"color: #5c6668;\">IBAN: DE28 5705 0120 0009 0004 07<\/span><\/strong><br \/>\n<strong><span style=\"color: #5c6668;\">BIC: MALADE51KOB<\/span><\/strong><\/p>\n<p><span style=\"color: #5c6668;\">Bitte vermerken Sie im Verwendungszweck, wenn Sie mit Ihrer Spende ein bestimmtes Projekt unterst\u00fctzen m\u00f6chten.<\/span><\/p>\n<p><span style=\"color: #5c6668;\">Selbstverst\u00e4ndlich erhalten Sie eine Spendenquittung zur Vorlage beim Finanzamt. Geben Sie daf\u00fcr bei Ihrer \u00dcberweisung bitte auch Ihren Namen und die vollst\u00e4ndige Anschrift an. Bei Spenden bis 200 Euro gen\u00fcgt der Kontoauszug als Nachweis.<\/span><\/p>\n<\/div><\/div><\/div><div style=\"--awb-backgroundcolor:rgba(157,221,46,0.74);--awb-iconcolor:#c51997;\" class=\"fusion-column content-box-column content-box-column content-box-column-2 col-lg-4 col-md-4 col-sm-4 fusion-content-box-hover \"><div class=\"col content-box-wrapper content-wrapper-background link-area-link-icon icon-hover-animation-fade\" data-animationOffset=\"top-into-view\"><div class=\"heading heading-with-icon icon-left\"><div class=\"icon\"><i style=\"background-color:transparent;border-color:transparent;height:auto;width: 41px;line-height:normal;font-size:41px;\" aria-hidden=\"true\" class=\"fontawesome-icon fa-users fas circle-no\"><\/i><\/div><h2 class=\"content-box-heading fusion-responsive-typography-calculated\" style=\"--h2_typography-font-size:23px;--fontSize:23;line-height:1.5;\">Mitglied werden<\/h2><\/div><div class=\"fusion-clearfix\"><\/div><div class=\"content-container\">\n<div class=\"heading heading-with-icon icon-left\">\n<p class=\"content-box-heading\"><span style=\"font-size: 16px; color: #5c6668;\">Schon mit einem Jahresbeitrag ab 10 Euro k\u00f6nnen Sie Mitglied werden und die Ziele des Frauenmissionswerkes unterst\u00fctzen.<\/span><\/p>\n<\/div>\n<div class=\"content-container\">\n<p><span style=\"color: #5c6668;\">&gt;\u00a0<a href=\"https:\/\/frauenmissionswerk.de\/wp-content\/uploads\/2020\/08\/Mitgliedsantrag-PMF.pdf\"><strong>Beitrittserkl\u00e4rung im PDF-Format<\/strong><\/a>\u00a0zum Downloaden und Ausdrucken<\/span><\/p>\n<p><span style=\"color: #5c6668;\">Bitte schicken Sie die ausgef\u00fcllte und unterschriebene Erkl\u00e4rung entweder <\/span><span style=\"color: #5c6668;\">per Post an<\/span><\/p>\n<p><span style=\"color: #5c6668;\"> Frauenmissionswerk (Zentrale)<br \/>\n<\/span><span style=\"color: #5c6668;\">Ravensteynstra\u00dfe 26<br \/>\n56076 Koblenz<\/span><\/p>\n<p><span style=\"color: #5c6668;\">oder per Fax an<br \/>\n+49 2 61 9 73 24 08<\/span><\/p>\n<\/div>\n<\/div><\/div><\/div><div style=\"--awb-backgroundcolor:rgba(234,147,16,0.74);--awb-iconcolor:#c51997;\" class=\"fusion-column content-box-column content-box-column content-box-column-3 col-lg-4 col-md-4 col-sm-4 fusion-content-box-hover content-box-column-last content-box-column-last-in-row\"><div class=\"col content-box-wrapper content-wrapper-background link-area-link-icon icon-hover-animation-fade\" data-animationOffset=\"top-into-view\"><div class=\"heading heading-with-icon icon-left\"><div class=\"icon\"><i style=\"background-color:transparent;border-color:transparent;height:auto;width: 41px;line-height:normal;font-size:41px;\" aria-hidden=\"true\" class=\"fontawesome-icon fa-hand-holding-heart fas circle-no\"><\/i><\/div><h2 class=\"content-box-heading fusion-responsive-typography-calculated\" style=\"--h2_typography-font-size:23px;--fontSize:23;line-height:1.5;\">Engagieren<\/h2><\/div><div class=\"fusion-clearfix\"><\/div><div class=\"content-container\">\n<div class=\"fusion-text\">\n<p><span style=\"color: #5c6668;\">Das Frauenmissionswerk ist ein fast ausschlie\u00dflich ehrenamtlich getragenes Werk. Derzeit gibt es bundesweit zw\u00f6lf Di\u00f6zesanverband sowie zwei Bezirksverb\u00e4nde.<\/span><\/p>\n<p><span style=\"color: #5c6668;\">Wir freuen uns immer \u00fcber neue Mitglieder und Frauen, die Lust haben, das Frauenmissionswerk vor Ort mit Ideen, Tatkraft und Engagement zu unterst\u00fctzen, neu aufzubauen oder bei Aktionen vorzustellen.<\/span><\/p>\n<p><a href=\"https:\/\/frauenmissionswerk.de\/?page_id=1686\">&gt; Mehr erfahren<\/a><\/p>\n<\/div>\n<\/div><\/div><\/div><div class=\"fusion-clearfix\"><\/div><\/div><\/div><\/div><\/div><\/div>\n","protected":false},"excerpt":{"rendered":"","protected":false},"author":1,"featured_media":0,"parent":0,"menu_order":0,"comment_status":"closed","ping_status":"closed","template":"100-width.php","meta":{"_acf_changed":false,"_bbp_topic_count":0,"_bbp_reply_count":0,"_bbp_total_topic_count":0,"_bbp_total_reply_count":0,"_bbp_voice_count":0,"_bbp_anonymous_reply_count":0,"_bbp_topic_count_hidden":0,"_bbp_reply_count_hidden":0,"_bbp_forum_subforum_count":0,"footnotes":""},"class_list":["post-761","page","type-page","status-publish","hentry"],"acf":[],"yoast_head":"<!-- This site is optimized with the Yoast SEO plugin v26.8 - https:\/\/yoast.com\/product\/yoast-seo-wordpress\/ -->\n<title>Spenden - Frauenmissionswerk<\/title>\n<meta name=\"robots\" content=\"index, follow, max-snippet:-1, max-image-preview:large, max-video-preview:-1\" \/>\n<link rel=\"canonical\" href=\"https:\/\/frauenmissionswerk.de\/?page_id=761\" \/>\n<meta property=\"og:locale\" content=\"de_DE\" \/>\n<meta property=\"og:type\" content=\"article\" \/>\n<meta property=\"og:title\" content=\"Spenden - Frauenmissionswerk\" \/>\n<meta property=\"og:url\" content=\"https:\/\/frauenmissionswerk.de\/?page_id=761\" \/>\n<meta property=\"og:site_name\" content=\"Frauenmissionswerk\" \/>\n<meta property=\"article:modified_time\" content=\"2024-08-05T10:46:21+00:00\" \/>\n<meta name=\"twitter:card\" content=\"summary_large_image\" \/>\n<meta name=\"twitter:label1\" content=\"Gesch\u00e4tzte Lesezeit\" \/>\n\t<meta name=\"twitter:data1\" content=\"8\u00a0Minuten\" \/>\n<script type=\"application\/ld+json\" class=\"yoast-schema-graph\">{\"@context\":\"https:\/\/schema.org\",\"@graph\":[{\"@type\":\"WebPage\",\"@id\":\"https:\/\/frauenmissionswerk.de\/?page_id=761\",\"url\":\"https:\/\/frauenmissionswerk.de\/?page_id=761\",\"name\":\"Spenden - Frauenmissionswerk\",\"isPartOf\":{\"@id\":\"https:\/\/frauenmissionswerk.de\/#website\"},\"datePublished\":\"2016-08-10T08:52:10+00:00\",\"dateModified\":\"2024-08-05T10:46:21+00:00\",\"breadcrumb\":{\"@id\":\"https:\/\/frauenmissionswerk.de\/?page_id=761#breadcrumb\"},\"inLanguage\":\"de\",\"potentialAction\":[{\"@type\":\"ReadAction\",\"target\":[\"https:\/\/frauenmissionswerk.de\/?page_id=761\"]}]},{\"@type\":\"BreadcrumbList\",\"@id\":\"https:\/\/frauenmissionswerk.de\/?page_id=761#breadcrumb\",\"itemListElement\":[{\"@type\":\"ListItem\",\"position\":1,\"name\":\"Startseite\",\"item\":\"https:\/\/frauenmissionswerk.de\/\"},{\"@type\":\"ListItem\",\"position\":2,\"name\":\"Spenden\"}]},{\"@type\":\"WebSite\",\"@id\":\"https:\/\/frauenmissionswerk.de\/#website\",\"url\":\"https:\/\/frauenmissionswerk.de\/\",\"name\":\"Frauenmissionswerk\",\"description\":\"Frauen f\u00fcr Frauen weltweit\",\"potentialAction\":[{\"@type\":\"SearchAction\",\"target\":{\"@type\":\"EntryPoint\",\"urlTemplate\":\"https:\/\/frauenmissionswerk.de\/?s={search_term_string}\"},\"query-input\":{\"@type\":\"PropertyValueSpecification\",\"valueRequired\":true,\"valueName\":\"search_term_string\"}}],\"inLanguage\":\"de\"}]}<\/script>\n<!-- \/ Yoast SEO plugin. -->","yoast_head_json":{"title":"Spenden - Frauenmissionswerk","robots":{"index":"index","follow":"follow","max-snippet":"max-snippet:-1","max-image-preview":"max-image-preview:large","max-video-preview":"max-video-preview:-1"},"canonical":"https:\/\/frauenmissionswerk.de\/?page_id=761","og_locale":"de_DE","og_type":"article","og_title":"Spenden - Frauenmissionswerk","og_url":"https:\/\/frauenmissionswerk.de\/?page_id=761","og_site_name":"Frauenmissionswerk","article_modified_time":"2024-08-05T10:46:21+00:00","twitter_card":"summary_large_image","twitter_misc":{"Gesch\u00e4tzte Lesezeit":"8\u00a0Minuten"},"schema":{"@context":"https:\/\/schema.org","@graph":[{"@type":"WebPage","@id":"https:\/\/frauenmissionswerk.de\/?page_id=761","url":"https:\/\/frauenmissionswerk.de\/?page_id=761","name":"Spenden - Frauenmissionswerk","isPartOf":{"@id":"https:\/\/frauenmissionswerk.de\/#website"},"datePublished":"2016-08-10T08:52:10+00:00","dateModified":"2024-08-05T10:46:21+00:00","breadcrumb":{"@id":"https:\/\/frauenmissionswerk.de\/?page_id=761#breadcrumb"},"inLanguage":"de","potentialAction":[{"@type":"ReadAction","target":["https:\/\/frauenmissionswerk.de\/?page_id=761"]}]},{"@type":"BreadcrumbList","@id":"https:\/\/frauenmissionswerk.de\/?page_id=761#breadcrumb","itemListElement":[{"@type":"ListItem","position":1,"name":"Startseite","item":"https:\/\/frauenmissionswerk.de\/"},{"@type":"ListItem","position":2,"name":"Spenden"}]},{"@type":"WebSite","@id":"https:\/\/frauenmissionswerk.de\/#website","url":"https:\/\/frauenmissionswerk.de\/","name":"Frauenmissionswerk","description":"Frauen f\u00fcr Frauen weltweit","potentialAction":[{"@type":"SearchAction","target":{"@type":"EntryPoint","urlTemplate":"https:\/\/frauenmissionswerk.de\/?s={search_term_string}"},"query-input":{"@type":"PropertyValueSpecification","valueRequired":true,"valueName":"search_term_string"}}],"inLanguage":"de"}]}},"_links":{"self":[{"href":"https:\/\/frauenmissionswerk.de\/index.php?rest_route=\/wp\/v2\/pages\/761","targetHints":{"allow":["GET"]}}],"collection":[{"href":"https:\/\/frauenmissionswerk.de\/index.php?rest_route=\/wp\/v2\/pages"}],"about":[{"href":"https:\/\/frauenmissionswerk.de\/index.php?rest_route=\/wp\/v2\/types\/page"}],"author":[{"embeddable":true,"href":"https:\/\/frauenmissionswerk.de\/index.php?rest_route=\/wp\/v2\/users\/1"}],"replies":[{"embeddable":true,"href":"https:\/\/frauenmissionswerk.de\/index.php?rest_route=%2Fwp%2Fv2%2Fcomments&post=761"}],"version-history":[{"count":116,"href":"https:\/\/frauenmissionswerk.de\/index.php?rest_route=\/wp\/v2\/pages\/761\/revisions"}],"predecessor-version":[{"id":7550,"href":"https:\/\/frauenmissionswerk.de\/index.php?rest_route=\/wp\/v2\/pages\/761\/revisions\/7550"}],"wp:attachment":[{"href":"https:\/\/frauenmissionswerk.de\/index.php?rest_route=%2Fwp%2Fv2%2Fmedia&parent=761"}],"curies":[{"name":"wp","href":"https:\/\/api.w.org\/{rel}","templated":true}]}}