{"id":862,"date":"2019-10-17T10:17:40","date_gmt":"2019-10-17T10:17:40","guid":{"rendered":"https:\/\/frauenmissionswerk.de\/?page_id=862"},"modified":"2021-02-17T13:06:34","modified_gmt":"2021-02-17T13:06:34","slug":"unsere-gruenderin","status":"publish","type":"page","link":"https:\/\/frauenmissionswerk.de\/?page_id=862","title":{"rendered":"Unsere Gru\u0308nderin"},"content":{"rendered":"<div class=\"fusion-fullwidth fullwidth-box fusion-builder-row-1 fusion-flex-container hundred-percent-fullwidth non-hundred-percent-height-scrolling\" style=\"--awb-background-position:left top;--awb-border-sizes-top:0px;--awb-border-sizes-bottom:0px;--awb-border-sizes-left:0px;--awb-border-sizes-right:0px;--awb-border-radius-top-left:0px;--awb-border-radius-top-right:0px;--awb-border-radius-bottom-right:0px;--awb-border-radius-bottom-left:0px;--awb-padding-top:0px;--awb-padding-right:0px;--awb-padding-bottom:0px;--awb-padding-left:0px;--awb-margin-top:-20px;--awb-flex-wrap:wrap;\" ><div class=\"fusion-builder-row fusion-row fusion-flex-align-items-stretch fusion-flex-content-wrap\" style=\"width:calc( 100% + 0px ) !important;max-width:calc( 100% + 0px ) !important;margin-left: calc(-0px \/ 2 );margin-right: calc(-0px \/ 2 );\"><div class=\"fusion-layout-column fusion_builder_column fusion-builder-column-0 fusion_builder_column_1_1 1_1 fusion-flex-column\" style=\"--awb-padding-top:100px;--awb-padding-right:10%;--awb-padding-bottom:100px;--awb-padding-left:10%;--awb-bg-size:cover;--awb-width-large:100%;--awb-margin-top-large:0px;--awb-spacing-right-large:0px;--awb-margin-bottom-large:0px;--awb-spacing-left-large:0px;--awb-width-medium:100%;--awb-spacing-right-medium:0px;--awb-spacing-left-medium:0px;--awb-width-small:100%;--awb-spacing-right-small:0px;--awb-spacing-left-small:0px;\"><div class=\"fusion-column-wrapper fusion-flex-justify-content-flex-start fusion-content-layout-column\"><div class=\"fusion-text fusion-text-1\"><h2><strong>POWERFRAU UND PIONIERIN<br \/>\n<\/strong><\/h2>\n<\/div><div class=\"fusion-separator\" style=\"align-self: flex-start;margin-right:auto;margin-top:0px;margin-bottom:40px;width:100%;max-width:200px;\"><div class=\"fusion-separator-border sep-single sep-solid\" style=\"--awb-height:20px;--awb-amount:20px;--awb-sep-color:#e51997;border-color:#e51997;border-top-width:3px;\"><\/div><\/div><div class=\"fusion-text fusion-text-2\"><p><img decoding=\"async\" class=\"wp-image-2196 size-medium alignright\" src=\"https:\/\/frauenmissionswerk.de\/wp-content\/uploads\/2020\/07\/Gruenderinkreis-300x297.jpg\" alt=\"\" width=\"300\" height=\"297\" srcset=\"https:\/\/frauenmissionswerk.de\/wp-content\/uploads\/2020\/07\/Gruenderinkreis-66x66.jpg 66w, https:\/\/frauenmissionswerk.de\/wp-content\/uploads\/2020\/07\/Gruenderinkreis-150x150.jpg 150w, https:\/\/frauenmissionswerk.de\/wp-content\/uploads\/2020\/07\/Gruenderinkreis-200x198.jpg 200w, https:\/\/frauenmissionswerk.de\/wp-content\/uploads\/2020\/07\/Gruenderinkreis-300x297.jpg 300w, https:\/\/frauenmissionswerk.de\/wp-content\/uploads\/2020\/07\/Gruenderinkreis-400x396.jpg 400w, https:\/\/frauenmissionswerk.de\/wp-content\/uploads\/2020\/07\/Gruenderinkreis-600x594.jpg 600w, https:\/\/frauenmissionswerk.de\/wp-content\/uploads\/2020\/07\/Gruenderinkreis-768x761.jpg 768w, https:\/\/frauenmissionswerk.de\/wp-content\/uploads\/2020\/07\/Gruenderinkreis-800x792.jpg 800w, https:\/\/frauenmissionswerk.de\/wp-content\/uploads\/2020\/07\/Gruenderinkreis-1024x1014.jpg 1024w, https:\/\/frauenmissionswerk.de\/wp-content\/uploads\/2020\/07\/Gruenderinkreis-1200x1189.jpg 1200w, https:\/\/frauenmissionswerk.de\/wp-content\/uploads\/2020\/07\/Gruenderinkreis-1536x1522.jpg 1536w, https:\/\/frauenmissionswerk.de\/wp-content\/uploads\/2020\/07\/Gruenderinkreis.jpg 1919w\" sizes=\"(max-width: 300px) 100vw, 300px\" \/><\/p>\n<h4><b><span style=\"color: #e51997;\">Katharina Schynse<\/span> gr\u00fcndete das Missionswerk<br \/><\/b><b>und machte ein internationales Werk daraus<\/b><\/h4>\n<p>Wir wissen nicht wirklich, was f\u00fcr eine Frau Katharina Schynse war \u2013 aber wir ahnen es. Ganz sicher war sie eine gro\u00dfherzige, tatkr\u00e4ftige, mutige Frau. Denn sonst h\u00e4tte sie nicht mit anderen im Mai\u00a0 1893 das heutige Frauenmissionswerk gegr\u00fcndet. Katharina war fast 40 Jahre alt, als sie den \u201eVerein katholischer Frauen und Jungfrauen zur Unterst\u00fctzung der Missionen Zentralafrikas\u201c ins Leben rief. So sprach man damals.<\/p>\n<p>Katharina stammte aus der Familie eines Gutsverwalters und wurde am 24. November 1854 in Wallhausen bei Bad Kreuznach geboren. Ihr Bruder war Afrikamissionar und -forscher und hatte sich als einer der ersten Wei\u00dfen V\u00e4ter voller Eifer nach Zentralafrika, in den Kongo begeben. So nannte man \u2013 wegen ihrer langen wei\u00dfen Gew\u00e4nder \u2013 die Ordensm\u00e4nner, die sich auf den Weg nach Afrika gemacht hatten, um den Menschen dort von Jesus und vom Christentum zu erz\u00e4hlen. Und vor allem, um bei den Menschen zu leben und sich f\u00fcr sie einzusetzen. Dabei\u00a0 erforschten sie einiges zu Fauna und Flora. Bis heute gibt es die Wei\u00dfen V\u00e4ter, die sich in 33 L\u00e4ndern f\u00fcr andere Menschen einsetzen.<\/p>\n<p>August Wilhelm Schynse erz\u00e4hlte seiner Schwester von dem fernen Kontinent, von den N\u00f6ten der Menschen und den Notwendigkeiten f\u00fcr die Arbeit der Missionare. Katharina wollte helfen \u2013 und es gelang ihr hier und da eine Beihilfe f\u00fcr die Missionskapellen zu finden.\u00a0 Nach dem Tod ihres Bruders gr\u00fcndete Katharina den Verein. Sie sah sich mitverantwortlich und gesandt, den christlichen Glauben zu verbreiten und fing an mit frommen Frauen Priesterkleidung, die Paramente, Altart\u00fccher und anderes f\u00fcr die w\u00fcrdige Feier der Eucharistie zu schneidern und zu sticken und religi\u00f6se Gegenst\u00e4nde zur Verf\u00fcgung zu stellen.<\/p>\n<p>Schnell jedoch erkannte sie, dass andere ihren Einsatz und ihre Hilfe ebenso brauchten: die M\u00e4dchen und Frauen, die in der patriarchalen Gesellschaft w\u00e4hrend der damaligen Kolonialzeit oft in Unterdr\u00fcckung und Versklavung lebten. Katharinas Ziel war es, Spenden zu sammeln und damit M\u00e4dchen und Frauen aus der Sklaverei\u00a0 freizukaufen und ihnen den christlichen Glauben n\u00e4her zu bringen.<\/p>\n<p>Bereits zehn Jahre nach der Gr\u00fcndung dehnte Katharina das Einsatzgebiet ihres Werkes aus und unterst\u00fctzte die Hungergebiete in China mit 100 000 Goldmark. Katharina gru\u0308ndete Niederlassungen in vielen europ\u00e4ischen L\u00e4ndern. 1916 folgte ein Zweig in den USA. Im Jahr 1920 hatte der Missionsverein bereits rund 300 000 Mitglieder. 1922 wurde in Rom ein Zentralkomitee eingerichtet. Katharina war die Generalleiterin und gab auch die Verbandszeitschrift \u201eStimmen aus den Missionen\u201c heraus. 1942 wurde der Missionsverein von Papst Pius XII. in den Rang eines p\u00e4pstlichen Werkes erhoben und hie\u00df fortan, \u201eP\u00e4pstliches Missionswerk Katholischer Frauen\u201c (PMF).<\/p>\n<p>Katharina gr\u00fcndete den Verein im Jahr 1893 in R\u00f6srath, wo sie als Hauslehrerin t\u00e4tig war. Von 1908 bis 1913 lebte Katharina Schynse im Kloster Bethlehem in Koblenz-Pfaffendorf, einem Ortsteil der Stadt am Rhein. Sie wirkte von dort aus weltweit auch mit gro\u00dfer Unterst\u00fctzung der Klarissen-Kapuzinerinnen. Der Vorstand des Vereins erwarb im Jahr 1913 die \u201eVilla Franziska\u201c in Pfaffendorf. Katharina Schynse starb dort am 9. Dezember 1935. In diesem Haus befindet sich bis heute die Zentrale des Frauenmissionswerkes.<\/p>\n<p>Das Frauenhilfswerk hat aktuell <a href=\"https:\/\/frauenmissionswerk.de\/?page_id=864\">Ansprechpartner*innen<\/a> in 12 deutschen Di\u00f6zesen, 3 000 Mitglieder in 14 Bistu\u0308mern und Projektpartner*innen in den L\u00e4ndern Afrikas, Asiens, Lateinamerikas und Osteuropas.<\/p>\n<p>2007 wurde in Koblenz eine von dem Bildhauer Johannes Kirsch gestaltete Gedenkst\u00e4tte fu\u0308r Katharina Schynse eingeweiht. Sie befindet sich auf dem alten Friedhof in Koblenz-Pfaffendorf.<\/p>\n<\/div><div class=\"fusion-separator\" style=\"align-self: flex-start;margin-right:auto;margin-top:0px;margin-bottom:40px;width:100%;max-width:200px;\"><div class=\"fusion-separator-border sep-single sep-solid\" style=\"--awb-height:20px;--awb-amount:20px;--awb-sep-color:#e51997;border-color:#e51997;border-top-width:3px;\"><\/div><\/div><\/div><\/div><\/div><\/div>\n","protected":false},"excerpt":{"rendered":"","protected":false},"author":1,"featured_media":0,"parent":758,"menu_order":0,"comment_status":"closed","ping_status":"closed","template":"100-width.php","meta":{"_acf_changed":false,"_bbp_topic_count":0,"_bbp_reply_count":0,"_bbp_total_topic_count":0,"_bbp_total_reply_count":0,"_bbp_voice_count":0,"_bbp_anonymous_reply_count":0,"_bbp_topic_count_hidden":0,"_bbp_reply_count_hidden":0,"_bbp_forum_subforum_count":0,"footnotes":""},"class_list":["post-862","page","type-page","status-publish","hentry"],"acf":[],"yoast_head":"<!-- This site is optimized with the Yoast SEO plugin v26.8 - https:\/\/yoast.com\/product\/yoast-seo-wordpress\/ -->\n<title>Unsere Gru\u0308nderin - Frauenmissionswerk<\/title>\n<meta name=\"robots\" content=\"index, follow, max-snippet:-1, max-image-preview:large, max-video-preview:-1\" \/>\n<link rel=\"canonical\" href=\"https:\/\/frauenmissionswerk.de\/?page_id=862\" \/>\n<meta property=\"og:locale\" content=\"de_DE\" \/>\n<meta property=\"og:type\" content=\"article\" \/>\n<meta property=\"og:title\" content=\"Unsere Gru\u0308nderin - Frauenmissionswerk\" \/>\n<meta property=\"og:url\" content=\"https:\/\/frauenmissionswerk.de\/?page_id=862\" \/>\n<meta property=\"og:site_name\" content=\"Frauenmissionswerk\" \/>\n<meta property=\"article:modified_time\" content=\"2021-02-17T13:06:34+00:00\" \/>\n<meta property=\"og:image\" content=\"https:\/\/frauenmissionswerk.de\/wp-content\/uploads\/2020\/07\/Gruenderinkreis-300x297.jpg\" \/>\n<meta name=\"twitter:card\" content=\"summary_large_image\" \/>\n<meta name=\"twitter:label1\" content=\"Gesch\u00e4tzte Lesezeit\" \/>\n\t<meta name=\"twitter:data1\" content=\"5\u00a0Minuten\" \/>\n<script type=\"application\/ld+json\" class=\"yoast-schema-graph\">{\"@context\":\"https:\/\/schema.org\",\"@graph\":[{\"@type\":\"WebPage\",\"@id\":\"https:\/\/frauenmissionswerk.de\/?page_id=862\",\"url\":\"https:\/\/frauenmissionswerk.de\/?page_id=862\",\"name\":\"Unsere Gru\u0308nderin - Frauenmissionswerk\",\"isPartOf\":{\"@id\":\"https:\/\/frauenmissionswerk.de\/#website\"},\"primaryImageOfPage\":{\"@id\":\"https:\/\/frauenmissionswerk.de\/?page_id=862#primaryimage\"},\"image\":{\"@id\":\"https:\/\/frauenmissionswerk.de\/?page_id=862#primaryimage\"},\"thumbnailUrl\":\"https:\/\/frauenmissionswerk.de\/wp-content\/uploads\/2020\/07\/Gruenderinkreis-300x297.jpg\",\"datePublished\":\"2019-10-17T10:17:40+00:00\",\"dateModified\":\"2021-02-17T13:06:34+00:00\",\"breadcrumb\":{\"@id\":\"https:\/\/frauenmissionswerk.de\/?page_id=862#breadcrumb\"},\"inLanguage\":\"de\",\"potentialAction\":[{\"@type\":\"ReadAction\",\"target\":[\"https:\/\/frauenmissionswerk.de\/?page_id=862\"]}]},{\"@type\":\"ImageObject\",\"inLanguage\":\"de\",\"@id\":\"https:\/\/frauenmissionswerk.de\/?page_id=862#primaryimage\",\"url\":\"https:\/\/frauenmissionswerk.de\/wp-content\/uploads\/2020\/07\/Gruenderinkreis.jpg\",\"contentUrl\":\"https:\/\/frauenmissionswerk.de\/wp-content\/uploads\/2020\/07\/Gruenderinkreis.jpg\",\"width\":1919,\"height\":1901},{\"@type\":\"BreadcrumbList\",\"@id\":\"https:\/\/frauenmissionswerk.de\/?page_id=862#breadcrumb\",\"itemListElement\":[{\"@type\":\"ListItem\",\"position\":1,\"name\":\"Startseite\",\"item\":\"https:\/\/frauenmissionswerk.de\/\"},{\"@type\":\"ListItem\",\"position\":2,\"name\":\"\u00dcber uns\",\"item\":\"https:\/\/frauenmissionswerk.de\/?page_id=758\"},{\"@type\":\"ListItem\",\"position\":3,\"name\":\"Unsere Gru\u0308nderin\"}]},{\"@type\":\"WebSite\",\"@id\":\"https:\/\/frauenmissionswerk.de\/#website\",\"url\":\"https:\/\/frauenmissionswerk.de\/\",\"name\":\"Frauenmissionswerk\",\"description\":\"Frauen f\u00fcr Frauen weltweit\",\"potentialAction\":[{\"@type\":\"SearchAction\",\"target\":{\"@type\":\"EntryPoint\",\"urlTemplate\":\"https:\/\/frauenmissionswerk.de\/?s={search_term_string}\"},\"query-input\":{\"@type\":\"PropertyValueSpecification\",\"valueRequired\":true,\"valueName\":\"search_term_string\"}}],\"inLanguage\":\"de\"}]}<\/script>\n<!-- \/ Yoast SEO plugin. -->","yoast_head_json":{"title":"Unsere Gru\u0308nderin - Frauenmissionswerk","robots":{"index":"index","follow":"follow","max-snippet":"max-snippet:-1","max-image-preview":"max-image-preview:large","max-video-preview":"max-video-preview:-1"},"canonical":"https:\/\/frauenmissionswerk.de\/?page_id=862","og_locale":"de_DE","og_type":"article","og_title":"Unsere Gru\u0308nderin - Frauenmissionswerk","og_url":"https:\/\/frauenmissionswerk.de\/?page_id=862","og_site_name":"Frauenmissionswerk","article_modified_time":"2021-02-17T13:06:34+00:00","og_image":[{"url":"https:\/\/frauenmissionswerk.de\/wp-content\/uploads\/2020\/07\/Gruenderinkreis-300x297.jpg","type":"","width":"","height":""}],"twitter_card":"summary_large_image","twitter_misc":{"Gesch\u00e4tzte Lesezeit":"5\u00a0Minuten"},"schema":{"@context":"https:\/\/schema.org","@graph":[{"@type":"WebPage","@id":"https:\/\/frauenmissionswerk.de\/?page_id=862","url":"https:\/\/frauenmissionswerk.de\/?page_id=862","name":"Unsere Gru\u0308nderin - Frauenmissionswerk","isPartOf":{"@id":"https:\/\/frauenmissionswerk.de\/#website"},"primaryImageOfPage":{"@id":"https:\/\/frauenmissionswerk.de\/?page_id=862#primaryimage"},"image":{"@id":"https:\/\/frauenmissionswerk.de\/?page_id=862#primaryimage"},"thumbnailUrl":"https:\/\/frauenmissionswerk.de\/wp-content\/uploads\/2020\/07\/Gruenderinkreis-300x297.jpg","datePublished":"2019-10-17T10:17:40+00:00","dateModified":"2021-02-17T13:06:34+00:00","breadcrumb":{"@id":"https:\/\/frauenmissionswerk.de\/?page_id=862#breadcrumb"},"inLanguage":"de","potentialAction":[{"@type":"ReadAction","target":["https:\/\/frauenmissionswerk.de\/?page_id=862"]}]},{"@type":"ImageObject","inLanguage":"de","@id":"https:\/\/frauenmissionswerk.de\/?page_id=862#primaryimage","url":"https:\/\/frauenmissionswerk.de\/wp-content\/uploads\/2020\/07\/Gruenderinkreis.jpg","contentUrl":"https:\/\/frauenmissionswerk.de\/wp-content\/uploads\/2020\/07\/Gruenderinkreis.jpg","width":1919,"height":1901},{"@type":"BreadcrumbList","@id":"https:\/\/frauenmissionswerk.de\/?page_id=862#breadcrumb","itemListElement":[{"@type":"ListItem","position":1,"name":"Startseite","item":"https:\/\/frauenmissionswerk.de\/"},{"@type":"ListItem","position":2,"name":"\u00dcber uns","item":"https:\/\/frauenmissionswerk.de\/?page_id=758"},{"@type":"ListItem","position":3,"name":"Unsere Gru\u0308nderin"}]},{"@type":"WebSite","@id":"https:\/\/frauenmissionswerk.de\/#website","url":"https:\/\/frauenmissionswerk.de\/","name":"Frauenmissionswerk","description":"Frauen f\u00fcr Frauen weltweit","potentialAction":[{"@type":"SearchAction","target":{"@type":"EntryPoint","urlTemplate":"https:\/\/frauenmissionswerk.de\/?s={search_term_string}"},"query-input":{"@type":"PropertyValueSpecification","valueRequired":true,"valueName":"search_term_string"}}],"inLanguage":"de"}]}},"_links":{"self":[{"href":"https:\/\/frauenmissionswerk.de\/index.php?rest_route=\/wp\/v2\/pages\/862","targetHints":{"allow":["GET"]}}],"collection":[{"href":"https:\/\/frauenmissionswerk.de\/index.php?rest_route=\/wp\/v2\/pages"}],"about":[{"href":"https:\/\/frauenmissionswerk.de\/index.php?rest_route=\/wp\/v2\/types\/page"}],"author":[{"embeddable":true,"href":"https:\/\/frauenmissionswerk.de\/index.php?rest_route=\/wp\/v2\/users\/1"}],"replies":[{"embeddable":true,"href":"https:\/\/frauenmissionswerk.de\/index.php?rest_route=%2Fwp%2Fv2%2Fcomments&post=862"}],"version-history":[{"count":26,"href":"https:\/\/frauenmissionswerk.de\/index.php?rest_route=\/wp\/v2\/pages\/862\/revisions"}],"predecessor-version":[{"id":2944,"href":"https:\/\/frauenmissionswerk.de\/index.php?rest_route=\/wp\/v2\/pages\/862\/revisions\/2944"}],"up":[{"embeddable":true,"href":"https:\/\/frauenmissionswerk.de\/index.php?rest_route=\/wp\/v2\/pages\/758"}],"wp:attachment":[{"href":"https:\/\/frauenmissionswerk.de\/index.php?rest_route=%2Fwp%2Fv2%2Fmedia&parent=862"}],"curies":[{"name":"wp","href":"https:\/\/api.w.org\/{rel}","templated":true}]}}