{"id":932,"date":"2019-10-17T22:26:32","date_gmt":"2019-10-17T22:26:32","guid":{"rendered":"https:\/\/frauenmissionswerk.de\/?page_id=932"},"modified":"2021-04-02T13:35:52","modified_gmt":"2021-04-02T13:35:52","slug":"impressum","status":"publish","type":"page","link":"https:\/\/frauenmissionswerk.de\/?page_id=932","title":{"rendered":"Impressum"},"content":{"rendered":"<div class=\"fusion-fullwidth fullwidth-box fusion-builder-row-1 fusion-flex-container nonhundred-percent-fullwidth non-hundred-percent-height-scrolling\" style=\"--awb-background-repeat:repeat;--awb-border-radius-top-left:0px;--awb-border-radius-top-right:0px;--awb-border-radius-bottom-right:0px;--awb-border-radius-bottom-left:0px;--awb-margin-top:60px;--awb-margin-bottom:0px;--awb-flex-wrap:wrap;\" ><div class=\"fusion-builder-row fusion-row fusion-flex-align-items-flex-start fusion-flex-content-wrap\" style=\"max-width:calc( 1170px + 0px );margin-left: calc(-0px \/ 2 );margin-right: calc(-0px \/ 2 );\"><div class=\"fusion-layout-column fusion_builder_column fusion-builder-column-0 fusion_builder_column_1_1 1_1 fusion-flex-column fusion-flex-align-self-flex-start fusion-column-no-min-height\" style=\"--awb-bg-size:cover;--awb-width-large:100%;--awb-margin-top-large:0px;--awb-spacing-right-large:0px;--awb-margin-bottom-large:20px;--awb-spacing-left-large:0px;--awb-width-medium:100%;--awb-spacing-right-medium:0px;--awb-spacing-left-medium:0px;--awb-width-small:100%;--awb-spacing-right-small:0px;--awb-spacing-left-small:0px;\"><div class=\"fusion-column-wrapper fusion-column-has-shadow fusion-flex-justify-content-flex-start fusion-content-layout-column\"><div class=\"fusion-text fusion-text-1\"><h5><strong><span style=\"color: #e51997;\">Impressum \/ Disclaimer<\/span><br \/>\n<\/strong><\/h5>\n<p><strong>Angaben nach <\/strong><strong>\u00a7 5 TMG:<\/strong><\/p>\n<p><strong>Herausgeber:<\/strong><\/p>\n<p>P\u00e4pstliches Missionswerk der Frauen in Deutschland \/ Frauenmissionswerk<br \/>\nRavensteynstra\u00dfe 26<br \/>\nD-56076 Koblenz<br \/>\nTelefon: +49 261 73596<br \/>\nFax: +49 261 9732408<br \/>\nE-Mail: <a href=\"mailto:rauenmissionswerk@outlook.de\">frauenmissionswerk@outlook.de<\/a><\/p>\n<p><strong>Pr<\/strong><strong>\u00e4sidentin:<\/strong><br \/>\nMargret Dieckmann-Nardmann, Ostbevern<\/p>\n<p><strong>Vizepr<\/strong><strong>\u00e4sidentin:<\/strong><br \/>\nProfin. Dr. Dorothea Sattler, Bistum M\u00fcnster<\/p>\n<p><strong>Vorstand:<\/strong><br \/>\nIrmgard Stubbe (Schatzmeisterin), Beisitzerinnen: Hildegard Gievers, Dorothea Fuchs, Ulrike Schwerdtfeger<\/p>\n<p><strong>Geistliche Beir<\/strong><strong>\u00e4tin:<\/strong><br \/>\nSchwester M. Christeta Hess ADJC, Koblenz<\/p>\n<p><strong>Tr<\/strong><strong>\u00e4ger:<\/strong><\/p>\n<p><a href=\"https:\/\/frauenmissionswerk.de\/wp-content\/uploads\/2020\/06\/Satzung-ZMV.pdf\">Zentraler\u00a0 Missionsverein Koblenz-Pfaffendorf e.V.<\/a><br \/>\nRavensteynstra\u00dfe 26<br \/>\nD-56076 Koblenz<\/p>\n<p>Der Verein wird gemeinsam von zwei Mitgliedern des Vorstandes gerichtlich und au\u00dfergerichtlich gem\u00e4\u00df \u00a7 26 BGB vertreten.<\/p>\n<p><strong>Registergericht: <\/strong>Koblenz<\/p>\n<p><strong>Registernummer: <\/strong>VR NR 816<strong><br \/>\n<\/strong><\/p>\n<p><strong>Umsatzsteuer-Identifikationsnummer <\/strong>gem\u00e4\u00df \u00a7 27 a Umsatzsteuergesetz: 22\/654\/40540<br \/>\n<strong><br \/>\nVerantwortlich f<\/strong><strong>\u00fcr den Inhalt (i. S. v. <\/strong><strong>\u00a7 55 Abs. 2 RStV):<\/strong><\/p>\n<p>Margret Dieckmann-Nardmann<\/p>\n<p><strong>Haftungshinweis:<\/strong><\/p>\n<p>Der Betreiber \u00fcbernimmt keinerlei Gew\u00e4hr f\u00fcr die Aktualit\u00e4t, Korrektheit, Vollst\u00e4ndigkeit oder Qualit\u00e4t der bereitgestellten Informationen.<br \/>\nHaftungsanspr\u00fcche gegen den Betreiber, welche sich auf Sch\u00e4den materieller oder ideeller Art beziehen, die durch die Nutzung oder Nichtnutzung der dargebotenen Informationen beziehungsweise durch die Nutzung fehlerhafter oder unvollst\u00e4ndiger Informationen verursacht wurden, sind ausgeschlossen, sofern seitens des Betreibers kein nachweislich vors\u00e4tzliches oder grob fahrl\u00e4ssiges Verschulden vorliegt.<br \/>\nDer Betreiber beh\u00e4lt es sich ausdr\u00fccklich vor, seinen Internetdienst teilweise oder insgesamt zu ver\u00e4ndern, zu erg\u00e4nzen, zu l\u00f6schen oder die Ver\u00f6ffentlichung zeitweise oder endg\u00fcltig einzustellen.<br \/>\nBei direkten oder indirekten Verweisen auf fremde Internetseiten (\u201eLinks\u201c) ist f\u00fcr den Inhalt der verlinkten Seiten nicht der Betreiber, sondern ausschlie\u00dflich der jeweilige Anbieter der betreffenden Seite verantwortlich.<br \/>\nDer Betreiber erkl\u00e4rt, dass nach seiner Einsch\u00e4tzung zum Zeitpunkt der Linksetzung die entsprechenden verlinkten Seiten frei von illegalen oder ehrenr\u00fchrigen Inhalten waren. Der Betreiber hat jedoch keinerlei Einfluss auf die aktuelle und zuk\u00fcnftige Gestaltung und auf die Inhalte der gelinkten\/verkn\u00fcpften Seiten und \u00fcbernimmt f\u00fcr die Inhalte aller gelinkten \/verkn\u00fcpften Seiten keine Haftung. Diese Feststellung gilt f\u00fcr alle innerhalb des eigenen Internetangebotes gesetzten Links und Verweise sowie f\u00fcr Fremdeintr\u00e4ge.<\/p>\n<p><strong>Datenschutz:<\/strong><br \/>\nBitte lesen Sie dazu unsere <a href=\"https:\/\/frauenmissionswerk.de\/?page_id=958\">Datenschutzerkl\u00e4rung<\/a><\/p>\n<p><strong>Copyright-Hinweis:<\/strong><br \/>\nDie Inhalte der Internetseiten des P\u00e4pstlichen Missionswerkes der Frauen in Deutschland sind urheberrechtlich gesch\u00fctzt. Dies gilt f\u00fcr die audiovisuellen Elemente und Daten (wie Fotos, Grafiken, Logos, Videos, Musikdateien etc.) wie f\u00fcr alle Texte und sonstigen Daten.<\/p>\n<p>Soweit im Einzelfall nicht anders geregelt und soweit nicht fremde Rechte betroffen sind, ist im Fall der Verbreitung von Inhalten als Ganzes oder in Teilen in elektronischer und gedruckter Form erw\u00fcnscht, dass die Quelle (\u201eFrauenmissionswerk\u201c) und die entsprechende URL (z.B. www.frauenmissionswerk.de) genannt werden.<\/p>\n<p>Ohne eine vorherige ausdr\u00fcckliche schriftliche Genehmigung durch das Frauenmissionswerk ist eine kommerzielle Nutzung und Verbreitung der Inhalte nicht erlaubt, weder auszugsweise noch vollst\u00e4ndig.<\/p>\n<p><strong>Fotos<br \/>\n<\/strong><em>1. Headermotive<\/em><br \/>\nUnsplash: \u00a9 Annie Spratt (Startseite\/Home + Kontakt)<strong>,<\/strong> \u00a9 2Photo-pots (Projekte), \u00a9 Ninno Jack jr. (\u00dcber uns \/ Unsere Mission) \/ Pexels \u00a9 Blue Ox Studio (Impressum) \/ Pixabay \u00a9 Alejandro Miranda (Projekte\/Ecuador), \u00a9 InstagramFOTOGRAFIN (Projekte\/Sibirien), \u00a9 Steta (Projekte\/Bolivien) \/ Avada Template (Aktuelles \/ Presse)<\/p>\n<p><em>2. Spenden\/Engagieren-Box <\/em>\u00a9 Doug Linstedt<\/p>\n<p><em>3. Seite \u201eSchwestern im Geiste\u201c<br \/>\n<\/em> \u2022 Abbildung Maria von Magdala aus dem Buch \u201eDie gro\u00dfen T\u00f6chter Gottes \u2013 Starke Frauen in der Bibel\u201c von Susanne Janssen und Susanne Breit-Ke\u00dfler<br \/>\n\u2022 Abbildung Bakhita: Wikipedia, Unknown author, http:\/\/www.vatican.va\/news_services\/liturgy\/saints\/ns_lit_doc_20001001_giuseppina-bakhita_photo.html with the caption &#8222;virgin of the Institute of the Daughters of the Canossiane charity&#8220;<br \/>\n\u2022 Abbildung Theresia von Lixieux: Wikipedia, Celine Martin (Sor Genoveva de la Santa Faz) &#8211; Archivos del Carmelo de Lisieux<\/p>\n<p><em>4. Flaggen und Landkarten Projektl\u00e4nder:<\/em><br \/>\n\u00a9 Wikipedia \/ Weltkarte.com<\/p>\n<p><em>5. Projektdarstellungen:<br \/>\n<\/em><em>Ecuado<\/em>r: David Mark \/ Pixabay; <em>Novosibirsk:<\/em> Caritasverband im Bistum Verkl\u00e4rung des Herrn in Novosibirsk; Brasilien: Heiko Behn \/ Pixabay<\/p>\n<p><em>6. Impulse<\/em><br \/>\n\u2022 Lebensmittel: Michael Frevel, Koblenz<br \/>\n\u2022 P\ufb01ngsten: Zrenate\/Pixabay<br \/>\n\u2022 Hoffnung: Daniel Reche\/Pixabay<br \/>\n\u2022 Arbeiter im Weinberg: pasja1000\/Pixabay<br \/>\n\u2022 Gerechtigkeit: Pexels\/Pixabay<br \/>\n\u2022 Advent: nile\/Pixabay<br \/>\n\u2022 Fastenzeit: congerdesign\/Pixabay; Hello I&#8217;m Nik\/Unsplash; PommeGrenade\/Pixabay<br \/>\n\u2022 Jugendkreuzweg: Lars Nissen\/Pixabay<\/p>\n<p>Alle anderen Bilder und Fotos \u00a9 Frauenmissionswerk.<\/p>\n<p><strong>Konzept, Beratung<br \/>\n<\/strong>Hildegard Mathies, K\u00f6ln<strong><br \/>\n<\/strong><\/p>\n<p><strong>Redaktion<\/strong><br \/>\nAnna-Lena Dieckmann<br \/>\nChristina Ehricht<br \/>\nHildegard Mathies<br \/>\nUlrike Schwerdtfeger<\/p>\n<p><strong>Design, Beratung &amp; Programmierung:<\/strong><br \/>\nSebastian Stark, D\u00fcsseldorf<br \/>\nnextspirit-design<br \/>\n<a href=\"http:\/\/www.nextspirit-design.com\">www.nextspirit-design.com<\/a><\/p>\n<hr \/>\n<\/div><div class=\"fusion-text fusion-text-2\"><\/div><\/div><\/div><\/div><\/div>\n","protected":false},"excerpt":{"rendered":"","protected":false},"author":1,"featured_media":0,"parent":0,"menu_order":0,"comment_status":"closed","ping_status":"closed","template":"100-width.php","meta":{"_acf_changed":false,"_bbp_topic_count":0,"_bbp_reply_count":0,"_bbp_total_topic_count":0,"_bbp_total_reply_count":0,"_bbp_voice_count":0,"_bbp_anonymous_reply_count":0,"_bbp_topic_count_hidden":0,"_bbp_reply_count_hidden":0,"_bbp_forum_subforum_count":0,"footnotes":""},"class_list":["post-932","page","type-page","status-publish","hentry"],"acf":[],"yoast_head":"<!-- This site is optimized with the Yoast SEO plugin v26.8 - https:\/\/yoast.com\/product\/yoast-seo-wordpress\/ -->\n<title>Impressum - Frauenmissionswerk<\/title>\n<meta name=\"robots\" content=\"index, follow, max-snippet:-1, max-image-preview:large, max-video-preview:-1\" \/>\n<link rel=\"canonical\" href=\"https:\/\/frauenmissionswerk.de\/?page_id=932\" \/>\n<meta property=\"og:locale\" content=\"de_DE\" \/>\n<meta property=\"og:type\" content=\"article\" \/>\n<meta property=\"og:title\" content=\"Impressum - Frauenmissionswerk\" \/>\n<meta property=\"og:url\" content=\"https:\/\/frauenmissionswerk.de\/?page_id=932\" \/>\n<meta property=\"og:site_name\" content=\"Frauenmissionswerk\" \/>\n<meta property=\"article:modified_time\" content=\"2021-04-02T13:35:52+00:00\" \/>\n<meta name=\"twitter:card\" content=\"summary_large_image\" \/>\n<meta name=\"twitter:label1\" content=\"Gesch\u00e4tzte Lesezeit\" \/>\n\t<meta name=\"twitter:data1\" content=\"4\u00a0Minuten\" \/>\n<script type=\"application\/ld+json\" class=\"yoast-schema-graph\">{\"@context\":\"https:\/\/schema.org\",\"@graph\":[{\"@type\":\"WebPage\",\"@id\":\"https:\/\/frauenmissionswerk.de\/?page_id=932\",\"url\":\"https:\/\/frauenmissionswerk.de\/?page_id=932\",\"name\":\"Impressum - Frauenmissionswerk\",\"isPartOf\":{\"@id\":\"https:\/\/frauenmissionswerk.de\/#website\"},\"datePublished\":\"2019-10-17T22:26:32+00:00\",\"dateModified\":\"2021-04-02T13:35:52+00:00\",\"breadcrumb\":{\"@id\":\"https:\/\/frauenmissionswerk.de\/?page_id=932#breadcrumb\"},\"inLanguage\":\"de\",\"potentialAction\":[{\"@type\":\"ReadAction\",\"target\":[\"https:\/\/frauenmissionswerk.de\/?page_id=932\"]}]},{\"@type\":\"BreadcrumbList\",\"@id\":\"https:\/\/frauenmissionswerk.de\/?page_id=932#breadcrumb\",\"itemListElement\":[{\"@type\":\"ListItem\",\"position\":1,\"name\":\"Startseite\",\"item\":\"https:\/\/frauenmissionswerk.de\/\"},{\"@type\":\"ListItem\",\"position\":2,\"name\":\"Impressum\"}]},{\"@type\":\"WebSite\",\"@id\":\"https:\/\/frauenmissionswerk.de\/#website\",\"url\":\"https:\/\/frauenmissionswerk.de\/\",\"name\":\"Frauenmissionswerk\",\"description\":\"Frauen f\u00fcr Frauen weltweit\",\"potentialAction\":[{\"@type\":\"SearchAction\",\"target\":{\"@type\":\"EntryPoint\",\"urlTemplate\":\"https:\/\/frauenmissionswerk.de\/?s={search_term_string}\"},\"query-input\":{\"@type\":\"PropertyValueSpecification\",\"valueRequired\":true,\"valueName\":\"search_term_string\"}}],\"inLanguage\":\"de\"}]}<\/script>\n<!-- \/ Yoast SEO plugin. -->","yoast_head_json":{"title":"Impressum - Frauenmissionswerk","robots":{"index":"index","follow":"follow","max-snippet":"max-snippet:-1","max-image-preview":"max-image-preview:large","max-video-preview":"max-video-preview:-1"},"canonical":"https:\/\/frauenmissionswerk.de\/?page_id=932","og_locale":"de_DE","og_type":"article","og_title":"Impressum - Frauenmissionswerk","og_url":"https:\/\/frauenmissionswerk.de\/?page_id=932","og_site_name":"Frauenmissionswerk","article_modified_time":"2021-04-02T13:35:52+00:00","twitter_card":"summary_large_image","twitter_misc":{"Gesch\u00e4tzte Lesezeit":"4\u00a0Minuten"},"schema":{"@context":"https:\/\/schema.org","@graph":[{"@type":"WebPage","@id":"https:\/\/frauenmissionswerk.de\/?page_id=932","url":"https:\/\/frauenmissionswerk.de\/?page_id=932","name":"Impressum - Frauenmissionswerk","isPartOf":{"@id":"https:\/\/frauenmissionswerk.de\/#website"},"datePublished":"2019-10-17T22:26:32+00:00","dateModified":"2021-04-02T13:35:52+00:00","breadcrumb":{"@id":"https:\/\/frauenmissionswerk.de\/?page_id=932#breadcrumb"},"inLanguage":"de","potentialAction":[{"@type":"ReadAction","target":["https:\/\/frauenmissionswerk.de\/?page_id=932"]}]},{"@type":"BreadcrumbList","@id":"https:\/\/frauenmissionswerk.de\/?page_id=932#breadcrumb","itemListElement":[{"@type":"ListItem","position":1,"name":"Startseite","item":"https:\/\/frauenmissionswerk.de\/"},{"@type":"ListItem","position":2,"name":"Impressum"}]},{"@type":"WebSite","@id":"https:\/\/frauenmissionswerk.de\/#website","url":"https:\/\/frauenmissionswerk.de\/","name":"Frauenmissionswerk","description":"Frauen f\u00fcr Frauen weltweit","potentialAction":[{"@type":"SearchAction","target":{"@type":"EntryPoint","urlTemplate":"https:\/\/frauenmissionswerk.de\/?s={search_term_string}"},"query-input":{"@type":"PropertyValueSpecification","valueRequired":true,"valueName":"search_term_string"}}],"inLanguage":"de"}]}},"_links":{"self":[{"href":"https:\/\/frauenmissionswerk.de\/index.php?rest_route=\/wp\/v2\/pages\/932","targetHints":{"allow":["GET"]}}],"collection":[{"href":"https:\/\/frauenmissionswerk.de\/index.php?rest_route=\/wp\/v2\/pages"}],"about":[{"href":"https:\/\/frauenmissionswerk.de\/index.php?rest_route=\/wp\/v2\/types\/page"}],"author":[{"embeddable":true,"href":"https:\/\/frauenmissionswerk.de\/index.php?rest_route=\/wp\/v2\/users\/1"}],"replies":[{"embeddable":true,"href":"https:\/\/frauenmissionswerk.de\/index.php?rest_route=%2Fwp%2Fv2%2Fcomments&post=932"}],"version-history":[{"count":52,"href":"https:\/\/frauenmissionswerk.de\/index.php?rest_route=\/wp\/v2\/pages\/932\/revisions"}],"predecessor-version":[{"id":3053,"href":"https:\/\/frauenmissionswerk.de\/index.php?rest_route=\/wp\/v2\/pages\/932\/revisions\/3053"}],"wp:attachment":[{"href":"https:\/\/frauenmissionswerk.de\/index.php?rest_route=%2Fwp%2Fv2%2Fmedia&parent=932"}],"curies":[{"name":"wp","href":"https:\/\/api.w.org\/{rel}","templated":true}]}}