{"id":958,"date":"2019-10-17T23:57:12","date_gmt":"2019-10-17T23:57:12","guid":{"rendered":"https:\/\/frauenmissionswerk.de\/?page_id=958"},"modified":"2020-08-15T09:57:54","modified_gmt":"2020-08-15T09:57:54","slug":"datenschutz","status":"publish","type":"page","link":"https:\/\/frauenmissionswerk.de\/?page_id=958","title":{"rendered":"Datenschutz"},"content":{"rendered":"<div class=\"fusion-fullwidth fullwidth-box fusion-builder-row-1 fusion-flex-container nonhundred-percent-fullwidth non-hundred-percent-height-scrolling\" style=\"--awb-background-repeat:repeat;--awb-border-radius-top-left:0px;--awb-border-radius-top-right:0px;--awb-border-radius-bottom-right:0px;--awb-border-radius-bottom-left:0px;--awb-margin-top:60px;--awb-margin-bottom:0px;--awb-flex-wrap:wrap;\" ><div class=\"fusion-builder-row fusion-row fusion-flex-align-items-flex-start fusion-flex-content-wrap\" style=\"max-width:calc( 1170px + 0px );margin-left: calc(-0px \/ 2 );margin-right: calc(-0px \/ 2 );\"><div class=\"fusion-layout-column fusion_builder_column fusion-builder-column-0 fusion_builder_column_1_1 1_1 fusion-flex-column fusion-flex-align-self-flex-start fusion-column-no-min-height\" style=\"--awb-bg-size:cover;--awb-width-large:100%;--awb-margin-top-large:0px;--awb-spacing-right-large:0px;--awb-margin-bottom-large:20px;--awb-spacing-left-large:0px;--awb-width-medium:100%;--awb-spacing-right-medium:0px;--awb-spacing-left-medium:0px;--awb-width-small:100%;--awb-spacing-right-small:0px;--awb-spacing-left-small:0px;\"><div class=\"fusion-column-wrapper fusion-column-has-shadow fusion-flex-justify-content-flex-start fusion-content-layout-column\"><div class=\"fusion-text fusion-text-1\"><h5><strong><span style=\"color: #e51997;\">Datenschutzerkl\u00e4rung<\/span><br \/>\n<\/strong><\/h5>\n<p><strong>P\u00e4pstliches Missionswerk der Frauen in Deutschland (Frauenmissionswerk)<\/strong><\/p>\n<p>Wir freuen uns \u00fcber Ihren Besuch auf unserer Webseite und Ihr Interesse an der Arbeit und dem Engagement des Frauenmissionswerkes. Der Schutz Ihrer pers\u00f6nlichen Daten ist f\u00fcr uns ein \u00e4u\u00dferst wichtiges Anliegen, daher informieren wir Sie hier gerne, wie wir mit Ihren Daten umgehen und sie sch\u00fctzen.<br \/>\nDie Nutzung unserer Website ist in der Regel ohne Angabe personenbezogener Daten m\u00f6glich. Wenn Sie unsere Webseite besuchen, verarbeiten wir jedoch ggf. Daten von Ihnen, wenn Sie bestimmte Dienste in Anspruch nehmen m\u00f6chten.\u00a0Die datenschutzrechtlichen Vorgaben der Europ\u00e4ischen Datenschutzgrundverordnung (EU-DSGVO) werden dabei eingehalten.<\/p>\n<p>Diese Datenschutz-Information gilt f\u00fcr die Datenverarbeitung durch:\u00a0P\u00e4pstliches Missionswerk der Frauen in Deutschland (Frauenmissionswerk)<br \/>\nRavensteynstra\u00dfe 26 | 56076 Koblenz | E-Mail:\u00a0<a href=\"mailto:Frauenmissionswerk@outlook.de\">Frauenmissionswerk@outlook.de<\/a>\u00a0| Telefon: +49 26 17 35 96.<\/p>\n<p>Die betriebliche Datenschutzbeauftragte des Frauenmissionswerkes, Pr\u00e4sidentin Margret Dieckmann-Nardmann, ist\u00a0unter der o.g. Anschrift erreichbar.<\/p>\n<p><span style=\"color: #ff00ff;\"><strong>Datenschutz<\/strong><\/span><strong><br \/>\n<\/strong>Das Frauenmissionswerk als Betreiber dieser Seiten nimmt den Schutz Ihrer pers\u00f6nlichen Daten sehr ernst. Wir behandeln Ihre\u00a0personenbezogenen Daten vertraulich und entsprechend der gesetzlichen Datenschutzvorschriften sowie\u00a0dieser Datenschutzerkl\u00e4rung.\u00a0Die Nutzung unserer Website ist in der Regel ohne Angabe personenbezogener Daten m\u00f6glich. Soweit\u00a0auf unseren Seiten personenbezogene Daten (beispielsweise Name, Anschrift oder E-Mail-Adressen)\u00a0erhoben werden, erfolgt dies, soweit m\u00f6glich, stets auf freiwilliger Basis. Diese Daten werden ohne Ihre\u00a0ausdr\u00fcckliche Zustimmung nicht an Dritte weitergegeben.\u00a0Wir weisen darauf hin, dass die Daten\u00fcbertragung im Internet (z.B. bei der Kommunikation per E-Mail)\u00a0Sicherheitsl\u00fccken aufweisen kann. Ein l\u00fcckenloser Schutz der Daten vor dem Zugriff durch Dritte ist nicht\u00a0m\u00f6glich.<\/p>\n<p><span style=\"color: #ff00ff;\"><strong>Erhebung und Speicherung personenbezogener Daten sowie Art und Zweck von deren Verwendung<\/strong><\/span><br \/>\n<strong><u>a) Beim Besuch der Website<\/u><\/strong><br \/>\nBeim Aufrufen unserer Website\u00a0www.frauenmissionswerk.de\u00a0werden durch den auf Ihrem Endger\u00e4t zum Einsatz kommenden Browser automatisch Informationen an den Server unserer Website gesendet. Diese Informationen werden tempor\u00e4r\u00a0in einem sog. Logfile gespeichert. Folgende Informationen\u00a0werden dabei ohne Ihr Zutun erfasst und bis zur automatisierten L\u00f6schung gespeichert:<\/p>\n<ul>\n<li>IP-Adresse des anfragenden Rechners,<\/li>\n<li>Datum und Uhrzeit des Zugriffs,<\/li>\n<li>Name und URL der abgerufenen Datei,<\/li>\n<li>Website, von der aus der Zugriff erfolgt (Referrer-URL),<\/li>\n<li>verwendeter Browser und ggf. das Betriebssystem Ihres Rechners sowie der Name Ihres Access-Providers.<\/li>\n<\/ul>\n<p>Die genannten Daten werden durch uns zu folgenden Zwecken verarbeitet:<\/p>\n<ul>\n<li>Gew\u00e4hrleistung eines reibungslosen Verbindungsaufbaus\u00a0der Website,<\/li>\n<li>Gew\u00e4hrleistung einer komfortablen Nutzung unserer Website,<\/li>\n<li>Auswertung der Systemsicherheit und -stabilit\u00e4t sowie<\/li>\n<li>zu weiteren administrativen Zwecken.<\/li>\n<\/ul>\n<p>Die Rechtsgrundlage f\u00fcr die Datenverarbeitung ist Art. 6 Abs. I S. 1 lit. f DSGVO. Unser berechtigtes Interesse folgt aus oben aufgelisteten Zwecken zur Datenerhebung. In keinem Fall verwenden wir die erhobenen Daten zu dem Zweck, R\u00fcckschl\u00fcsse auf Ihre Person zu ziehen. Dar\u00fcber hinaus setzen wir beim Besuch unserer Website Cookies ein. N\u00e4here Erl\u00e4uterungen dazu erhalten Sie weiter unten im entsprechenden Abschnitt dieser Datenschutzerkl\u00e4rung.<\/p>\n<p><strong><u>b) Bei Nutzung unseres Kontaktformulars<\/u><\/strong><br \/>\nUm mit uns Kontakt in Kontakt treten oder Infomaterial anfordern zu k\u00f6nnen, bieten wir Ihnen die M\u00f6glichkeit, mit uns \u00fcber spezielle, auf unserer Website bereitgestellte Formulare Kontakt aufzunehmen. Sofern dabei personenbezogene Daten wie Ihre E-Mail-Adresse oder Anschrift erhoben werden, erfolgt dies freiwillig bzw. zu dem Zweck, dass wir Ihre Anfrage zuordnen und beantworten k\u00f6nnen. Die Datenverarbeitung zum Zwecke der Kontaktaufnahme mit uns erfolgt nach Art. 6 Abs. 1 S. I lit. a DSGVO auf Grundlage Ihrer freiwillig erteilten Einwilligung. Die f\u00fcr die Benutzung des Kontaktformulars von uns erhobenen personenbezogenen Daten werden nach Erledigung der von Ihnen gestellten Anfrage automatisch gel\u00f6scht.<\/p>\n<p><span style=\"color: #ff00ff;\"><strong>Cookies<\/strong><\/span><br \/>\nDie Internetseiten verwenden teilweise so genannte Cookies. Cookies richten auf Ihrem Rechner keinen\u00a0Schaden an und enthalten keine Viren. Cookies dienen dazu, unser Angebot nutzerfreundlicher, effektiver\u00a0und sicherer zu machen. Cookies sind kleine Textdateien, die auf Ihrem Rechner abgelegt werden und\u00a0die Ihr Browser speichert.\u00a0Die meisten der von uns verwendeten Cookies sind so genannte \u201eSession-Cookies\u201c. Sie werden nach\u00a0Ende Ihres Besuchs automatisch gel\u00f6scht. Andere Cookies bleiben auf Ihrem Endger\u00e4t gespeichert, bis\u00a0Sie diese l\u00f6schen. Diese Cookies erm\u00f6glichen es uns, Ihren Browser beim n\u00e4chsten Besuch\u00a0wiederzuerkennen.\u00a0Sie k\u00f6nnen Ihren Browser so einstellen, dass Sie \u00fcber das Setzen von Cookies informiert werden und\u00a0Cookies nur im Einzelfall erlauben, die Annahme von Cookies f\u00fcr bestimmte F\u00e4lle oder generell\u00a0ausschlie\u00dfen sowie das automatische L\u00f6schen der Cookies beim Schlie\u00dfen des Browser aktivieren. Bei\u00a0der Deaktivierung von Cookies kann die Funktionalit\u00e4t dieser Website eingeschr\u00e4nkt sein.<\/p>\n<p><strong><u>Browser Plugin<\/u><\/strong><br \/>\nSie k\u00f6nnen die Speicherung der Cookies durch eine entsprechende Einstellung Ihrer Browser-Software\u00a0verhindern; wir weisen Sie jedoch darauf hin, dass Sie in diesem Fall gegebenenfalls nicht s\u00e4mtliche\u00a0Funktionen dieser Website vollumf\u00e4nglich werden nutzen k\u00f6nnen. Sie k\u00f6nnen dar\u00fcber hinaus die\u00a0Erfassung der durch den Cookie erzeugten und auf Ihre Nutzung der Website bezogenen Daten (inkl.\u00a0Ihrer IP-Adresse) an Google sowie die Verarbeitung dieser Daten durch Google verhindern, indem Sie\u00a0das unter dem folgenden Link verf\u00fcgbare Browser-Plugin herunterladen und installieren:\u00a0<a href=\"https:\/\/tools.google.com\/dlpage\/gaoptout?hl=de\">https:\/\/tools.google.com\/dlpage\/gaoptout?hl=de<\/a><\/p>\n<p><strong>Widerspruch gegen Datenerfassung<\/strong><br \/>\nSie k\u00f6nnen die Erfassung Ihrer Daten durch Google Analytics verhindern, indem Sie auf folgenden Link\u00a0klicken. Es wird ein Opt-Out-Cookie gesetzt, der die Erfassung Ihrer Daten bei zuk\u00fcnftigen Besuchen\u00a0dieser Website verhindert: Google Analytics deaktivieren.\u00a0Mehr Informationen zum Umgang mit Nutzerdaten bei Google Analytics finden Sie in der\u00a0Datenschutzerkl\u00e4rung von Google:\u00a0<a href=\"https:\/\/support.google.com\/analytics\/answer\/6004245?hl=de\">https:\/\/support.google.com\/analytics\/answer\/6004245?hl=de<\/a><\/p>\n<p><b>Google Maps<br \/>\n<\/b>Zur vereinfachten Anreise bieten wir Ihnen die Nutzung von Google Maps zur Darstellung von Karten und zur Erstellung von Anfahrtspl\u00e4nen. Google Maps wird von Google Inc., 1600 Amphitheatre Parkway, Mountain View, CA 94043, USA betrieben. Diese Seiten werden Ihnen entsprechend kenntlich gemacht. Durch die Nutzung dieses Services erkl\u00e4ren Sie sich mit der Erhebung, Verarbeitung und Nutzung der dabei erhobenen sowie der von Ihnen eingegebenen Daten durch Google einverstanden. Informieren Sie sich \u00fcber die Nutzungsbedingungen f\u00fcr Google Maps<\/p>\n<p><strong>Facebook-Plugins (Like-Button)<br \/>\n<\/strong>Auf unseren Seiten sind Plugins des sozialen Netzwerks Facebook, Anbieter Facebook Inc., 1 Hacker\u00a0Way, Menlo Park, California 94025, USA, integriert. Die Facebook-Plugins erkennen Sie an dem\u00a0Facebook-Logo oder dem &#8222;Like-Button&#8220; (&#8222;Gef\u00e4llt mir&#8220;) auf unserer Seite. Eine \u00dcbersicht \u00fcber die\u00a0Facebook-Plugins finden Sie hier:\u00a0<a href=\"https:\/\/developers.facebook.com\/docs\/plugins\/\">https:\/\/developers.facebook.com\/docs\/plugins\/<\/a>.<\/p>\n<p>Wenn Sie unsere Seiten besuchen, wird \u00fcber das Plugin eine direkte Verbindung zwischen Ihrem\u00a0Browser und dem Facebook-Server hergestellt. Facebook erh\u00e4lt dadurch die Information, dass Sie mit\u00a0Ihrer IP-Adresse unsere Seite besucht haben. Wenn Sie den Facebook &#8222;Like-Button&#8220; anklicken w\u00e4hrend\u00a0Sie in Ihrem Facebook-Account eingeloggt sind, k\u00f6nnen Sie die Inhalte unserer Seiten auf Ihrem\u00a0Facebook-Profil verlinken. Dadurch kann Facebook den Besuch unserer Seiten Ihrem Benutzerkonto\u00a0zuordnen. Wir weisen darauf hin, dass wir als Anbieter der Seiten keine Kenntnis vom Inhalt der\u00a0\u00fcbermittelten Daten sowie deren Nutzung durch Facebook erhalten. Weitere Informationen hierzu finden\u00a0Sie in der Datenschutzerkl\u00e4rung von Facebook unter\u00a0<a href=\"https:\/\/de-de.facebook.com\/policy.php\">https:\/\/de-de.facebook.com\/policy.php<\/a>.<\/p>\n<p>Wenn Sie nicht w\u00fcnschen, dass Facebook den Besuch unserer Seiten Ihrem Facebook-Nutzerkonto\u00a0zuordnen kann, loggen Sie sich bitte aus Ihrem Facebook-Benutzerkonto aus.<\/p>\n<p><span style=\"color: #ff00ff;\"><strong>SSL-Verschl\u00fcsselung<\/strong><\/span><br \/>\nDiese Seite nutzt aus Gr\u00fcnden der Sicherheit und zum Schutz der \u00dcbertragung vertraulicher Inhalte, wie\u00a0zum Beispiel der Anfragen, die Sie an uns als Seitenbetreiber senden, eine SSL-Verschl\u00fcsselung. Eine\u00a0verschl\u00fcsselte Verbindung erkennen Sie daran, dass die Adresszeile des Browsers von &#8222;http:\/\/&#8220; auf\u00a0&#8222;https:\/\/&#8220; wechselt und an dem Schloss-Symbol in Ihrer Browserzeile.<br \/>\nWenn die SSL Verschl\u00fcsselung aktiviert ist, k\u00f6nnen die Daten, die Sie an uns \u00fcbermitteln, nicht von\u00a0Dritten mitgelesen werden.<\/p>\n<p><span style=\"color: #ff00ff;\"><strong>Recht auf Auskunft, L\u00f6schung, Sperrung<\/strong><\/span><br \/>\nSofern Ihre personenbezogenen Daten auf Grundlage von berechtigten Interessen gem\u00e4\u00df Art. 6 Abs. 1 S. I lit. f DSGVO verarbeitet werden, haben Sie das Recht, gem\u00e4\u00df Art. 21 DSGVO Widerspruch gegen die Verarbeitung Ihrer personenbezogenen Daten einzulegen, soweit daf\u00fcr Gr\u00fcnde vorliegen, die sich aus Ihrer besonderen Situation ergeben oder sich der\u00a0gegen Direktwerbung richtet. Im letzteren Fall haben\u00a0Sie ein generelles Widerspruchsrecht, das ohne Angabe\u00a0einer besonderen Situation von uns umgesetzt wird.<\/p>\n<p>M\u00f6chten Sie von Ihrem Widerrufs- oder Widerspruchsrecht Gebrauch machen, gen\u00fcgt eine E-Mail an\u00a0<a href=\"mailto:Frauenmissionswerk@outlook.de\">Frauenmissionswerk@outlook.de<\/a> .<\/p>\n<p><span style=\"color: #ff00ff;\"><strong>Widerspruch Werbe-Mails<\/strong><\/span><br \/>\nDer Nutzung von im Rahmen der Impressumspflicht ver\u00f6ffentlichten Kontaktdaten zur \u00dcbersendung von\u00a0nicht ausdr\u00fccklich angeforderter Werbung und Informationsmaterialien wird hiermit widersprochen. Die\u00a0Betreiber der Seiten behalten sich ausdr\u00fccklich rechtliche Schritte im Falle der unverlangten Zusendung\u00a0von Werbeinformationen, etwa durch Spam-E-Mails, vor.<\/p>\n<hr \/>\n<\/div><div class=\"fusion-text fusion-text-2\"><\/div><\/div><\/div><\/div><\/div>\n","protected":false},"excerpt":{"rendered":"","protected":false},"author":1,"featured_media":0,"parent":0,"menu_order":0,"comment_status":"closed","ping_status":"closed","template":"100-width.php","meta":{"_acf_changed":false,"_bbp_topic_count":0,"_bbp_reply_count":0,"_bbp_total_topic_count":0,"_bbp_total_reply_count":0,"_bbp_voice_count":0,"_bbp_anonymous_reply_count":0,"_bbp_topic_count_hidden":0,"_bbp_reply_count_hidden":0,"_bbp_forum_subforum_count":0,"footnotes":""},"class_list":["post-958","page","type-page","status-publish","hentry"],"acf":[],"yoast_head":"<!-- This site is optimized with the Yoast SEO plugin v26.8 - https:\/\/yoast.com\/product\/yoast-seo-wordpress\/ -->\n<title>Datenschutz - Frauenmissionswerk<\/title>\n<meta name=\"robots\" content=\"index, follow, max-snippet:-1, max-image-preview:large, max-video-preview:-1\" \/>\n<link rel=\"canonical\" href=\"https:\/\/frauenmissionswerk.de\/?page_id=958\" \/>\n<meta property=\"og:locale\" content=\"de_DE\" \/>\n<meta property=\"og:type\" content=\"article\" \/>\n<meta property=\"og:title\" content=\"Datenschutz - Frauenmissionswerk\" \/>\n<meta property=\"og:url\" content=\"https:\/\/frauenmissionswerk.de\/?page_id=958\" \/>\n<meta property=\"og:site_name\" content=\"Frauenmissionswerk\" \/>\n<meta property=\"article:modified_time\" content=\"2020-08-15T09:57:54+00:00\" \/>\n<meta name=\"twitter:card\" content=\"summary_large_image\" \/>\n<meta name=\"twitter:label1\" content=\"Gesch\u00e4tzte Lesezeit\" \/>\n\t<meta name=\"twitter:data1\" content=\"9\u00a0Minuten\" \/>\n<script type=\"application\/ld+json\" class=\"yoast-schema-graph\">{\"@context\":\"https:\/\/schema.org\",\"@graph\":[{\"@type\":\"WebPage\",\"@id\":\"https:\/\/frauenmissionswerk.de\/?page_id=958\",\"url\":\"https:\/\/frauenmissionswerk.de\/?page_id=958\",\"name\":\"Datenschutz - Frauenmissionswerk\",\"isPartOf\":{\"@id\":\"https:\/\/frauenmissionswerk.de\/#website\"},\"datePublished\":\"2019-10-17T23:57:12+00:00\",\"dateModified\":\"2020-08-15T09:57:54+00:00\",\"breadcrumb\":{\"@id\":\"https:\/\/frauenmissionswerk.de\/?page_id=958#breadcrumb\"},\"inLanguage\":\"de\",\"potentialAction\":[{\"@type\":\"ReadAction\",\"target\":[\"https:\/\/frauenmissionswerk.de\/?page_id=958\"]}]},{\"@type\":\"BreadcrumbList\",\"@id\":\"https:\/\/frauenmissionswerk.de\/?page_id=958#breadcrumb\",\"itemListElement\":[{\"@type\":\"ListItem\",\"position\":1,\"name\":\"Startseite\",\"item\":\"https:\/\/frauenmissionswerk.de\/\"},{\"@type\":\"ListItem\",\"position\":2,\"name\":\"Datenschutz\"}]},{\"@type\":\"WebSite\",\"@id\":\"https:\/\/frauenmissionswerk.de\/#website\",\"url\":\"https:\/\/frauenmissionswerk.de\/\",\"name\":\"Frauenmissionswerk\",\"description\":\"Frauen f\u00fcr Frauen weltweit\",\"potentialAction\":[{\"@type\":\"SearchAction\",\"target\":{\"@type\":\"EntryPoint\",\"urlTemplate\":\"https:\/\/frauenmissionswerk.de\/?s={search_term_string}\"},\"query-input\":{\"@type\":\"PropertyValueSpecification\",\"valueRequired\":true,\"valueName\":\"search_term_string\"}}],\"inLanguage\":\"de\"}]}<\/script>\n<!-- \/ Yoast SEO plugin. -->","yoast_head_json":{"title":"Datenschutz - Frauenmissionswerk","robots":{"index":"index","follow":"follow","max-snippet":"max-snippet:-1","max-image-preview":"max-image-preview:large","max-video-preview":"max-video-preview:-1"},"canonical":"https:\/\/frauenmissionswerk.de\/?page_id=958","og_locale":"de_DE","og_type":"article","og_title":"Datenschutz - Frauenmissionswerk","og_url":"https:\/\/frauenmissionswerk.de\/?page_id=958","og_site_name":"Frauenmissionswerk","article_modified_time":"2020-08-15T09:57:54+00:00","twitter_card":"summary_large_image","twitter_misc":{"Gesch\u00e4tzte Lesezeit":"9\u00a0Minuten"},"schema":{"@context":"https:\/\/schema.org","@graph":[{"@type":"WebPage","@id":"https:\/\/frauenmissionswerk.de\/?page_id=958","url":"https:\/\/frauenmissionswerk.de\/?page_id=958","name":"Datenschutz - Frauenmissionswerk","isPartOf":{"@id":"https:\/\/frauenmissionswerk.de\/#website"},"datePublished":"2019-10-17T23:57:12+00:00","dateModified":"2020-08-15T09:57:54+00:00","breadcrumb":{"@id":"https:\/\/frauenmissionswerk.de\/?page_id=958#breadcrumb"},"inLanguage":"de","potentialAction":[{"@type":"ReadAction","target":["https:\/\/frauenmissionswerk.de\/?page_id=958"]}]},{"@type":"BreadcrumbList","@id":"https:\/\/frauenmissionswerk.de\/?page_id=958#breadcrumb","itemListElement":[{"@type":"ListItem","position":1,"name":"Startseite","item":"https:\/\/frauenmissionswerk.de\/"},{"@type":"ListItem","position":2,"name":"Datenschutz"}]},{"@type":"WebSite","@id":"https:\/\/frauenmissionswerk.de\/#website","url":"https:\/\/frauenmissionswerk.de\/","name":"Frauenmissionswerk","description":"Frauen f\u00fcr Frauen weltweit","potentialAction":[{"@type":"SearchAction","target":{"@type":"EntryPoint","urlTemplate":"https:\/\/frauenmissionswerk.de\/?s={search_term_string}"},"query-input":{"@type":"PropertyValueSpecification","valueRequired":true,"valueName":"search_term_string"}}],"inLanguage":"de"}]}},"_links":{"self":[{"href":"https:\/\/frauenmissionswerk.de\/index.php?rest_route=\/wp\/v2\/pages\/958","targetHints":{"allow":["GET"]}}],"collection":[{"href":"https:\/\/frauenmissionswerk.de\/index.php?rest_route=\/wp\/v2\/pages"}],"about":[{"href":"https:\/\/frauenmissionswerk.de\/index.php?rest_route=\/wp\/v2\/types\/page"}],"author":[{"embeddable":true,"href":"https:\/\/frauenmissionswerk.de\/index.php?rest_route=\/wp\/v2\/users\/1"}],"replies":[{"embeddable":true,"href":"https:\/\/frauenmissionswerk.de\/index.php?rest_route=%2Fwp%2Fv2%2Fcomments&post=958"}],"version-history":[{"count":10,"href":"https:\/\/frauenmissionswerk.de\/index.php?rest_route=\/wp\/v2\/pages\/958\/revisions"}],"predecessor-version":[{"id":2650,"href":"https:\/\/frauenmissionswerk.de\/index.php?rest_route=\/wp\/v2\/pages\/958\/revisions\/2650"}],"wp:attachment":[{"href":"https:\/\/frauenmissionswerk.de\/index.php?rest_route=%2Fwp%2Fv2%2Fmedia&parent=958"}],"curies":[{"name":"wp","href":"https:\/\/api.w.org\/{rel}","templated":true}]}}